{"id":671,"date":"2021-10-25T11:57:40","date_gmt":"2021-10-25T14:57:40","guid":{"rendered":"https:\/\/agenciavela.com.br\/alur\/?page_id=671"},"modified":"2021-11-08T10:15:50","modified_gmt":"2021-11-08T13:15:50","slug":"faq","status":"publish","type":"page","link":"https:\/\/agenciavela.com.br\/alur\/faq\/","title":{"rendered":"FAQ"},"content":{"rendered":"\t\t<div data-elementor-type=\"wp-page\" data-elementor-id=\"671\" class=\"elementor elementor-671\" data-elementor-settings=\"[]\">\n\t\t\t\t\t\t\t<div class=\"elementor-section-wrap\">\n\t\t\t\t\t\t\t<section class=\"elementor-section elementor-top-section elementor-element elementor-element-5b95e3f elementor-section-boxed elementor-section-height-default elementor-section-height-default\" data-id=\"5b95e3f\" data-element_type=\"section\">\n\t\t\t\t\t\t<div class=\"elementor-container elementor-column-gap-default\">\n\t\t\t\t\t<div class=\"elementor-column elementor-col-100 elementor-top-column elementor-element elementor-element-0fab21f\" data-id=\"0fab21f\" data-element_type=\"column\">\n\t\t\t<div class=\"elementor-widget-wrap elementor-element-populated\">\n\t\t\t\t\t\t\t\t<div class=\"elementor-element elementor-element-7e5a44a elementor-widget elementor-widget-spacer\" data-id=\"7e5a44a\" data-element_type=\"widget\" data-settings=\"{&quot;_transform_transition_hover&quot;:{&quot;unit&quot;:&quot;px&quot;,&quot;size&quot;:&quot;&quot;,&quot;sizes&quot;:[]}}\" data-widget_type=\"spacer.default\">\n\t\t\t\t<div class=\"elementor-widget-container\">\n\t\t\t\t\t<div class=\"elementor-spacer\">\n\t\t\t<div class=\"elementor-spacer-inner\"><\/div>\n\t\t<\/div>\n\t\t\t\t<\/div>\n\t\t\t\t<\/div>\n\t\t\t\t\t<\/div>\n\t\t<\/div>\n\t\t\t\t\t\t\t<\/div>\n\t\t<\/section>\n\t\t\t\t<section class=\"elementor-section elementor-top-section elementor-element elementor-element-77b5da8 elementor-section-boxed elementor-section-height-default elementor-section-height-default\" data-id=\"77b5da8\" data-element_type=\"section\">\n\t\t\t\t\t\t<div class=\"elementor-container elementor-column-gap-default\">\n\t\t\t\t\t<div class=\"elementor-column elementor-col-100 elementor-top-column elementor-element elementor-element-ef1e3ca\" data-id=\"ef1e3ca\" data-element_type=\"column\">\n\t\t\t<div class=\"elementor-widget-wrap elementor-element-populated\">\n\t\t\t\t\t\t\t\t<div class=\"elementor-element elementor-element-b664d53 elementor-widget elementor-widget-shortcode\" data-id=\"b664d53\" data-element_type=\"widget\" data-settings=\"{&quot;_transform_transition_hover&quot;:{&quot;unit&quot;:&quot;px&quot;,&quot;size&quot;:&quot;&quot;,&quot;sizes&quot;:[]}}\" data-widget_type=\"shortcode.default\">\n\t\t\t\t<div class=\"elementor-widget-container\">\n\t\t\t\t\t<div class=\"elementor-shortcode\"><div id=\"sp-ea-935\" class=\"sp-ea-one sp-easy-accordion\" data-ex-icon=\"fa-minus\" data-col-icon=\"fa-plus\"  data-ea-active=\"ea-click\"  data-ea-mode=\"vertical\" data-preloader=\"\"><div class=\"ea-card ea-expand sp-ea-single\"><h3 class=\"ea-header\"><a class=\"collapsed\" data-sptoggle=\"spcollapse\" data-sptarget=#collapse9350 href=\"javascript:void(0)\" aria-expanded=\"true\"><i class=\"ea-expand-icon fa fa-minus\"><\/i> 1 \u2013 Como fazer a aplica\u00e7\u00e3o de microagulhamento com a Derma Pen?<\/a><\/h3><div class=\"sp-collapse spcollapse collapsed show\" id=\"collapse9350\" data-parent=#sp-ea-935><div class=\"ea-body\"><p><span class=\"fontstyle0\">A aplica\u00e7\u00e3o pode ser feita em forma de asterisco (*), sendo 4x na horizontal, na vertical<br \/>\ne diagonais.<\/span><\/p>\n<\/div><\/div><\/div><div class=\"ea-card  sp-ea-single\"><h3 class=\"ea-header\"><a class=\"collapsed\" data-sptoggle=\"spcollapse\" data-sptarget=#collapse9351 href=\"javascript:void(0)\" aria-expanded=\"false\"><i class=\"ea-expand-icon fa fa-plus\"><\/i> 2 \u2013 O Roller \u00e9 reutiliz\u00e1vel?<\/a><\/h3><div class=\"sp-collapse spcollapse \" id=\"collapse9351\" data-parent=#sp-ea-935><div class=\"ea-body\"><p><span class=\"fontstyle0\">N\u00e3o, o roller \u00e9 um equipamento de uso \u00fanico e descart\u00e1vel. \u00c9 importante verificar se a<br \/>\nmarca possui ANVISA e se o dispositivo \u00e9 comercializado esterilizado.<\/span><\/p>\n<\/div><\/div><\/div><div class=\"ea-card  sp-ea-single\"><h3 class=\"ea-header\"><a class=\"collapsed\" data-sptoggle=\"spcollapse\" data-sptarget=#collapse9352 href=\"javascript:void(0)\" aria-expanded=\"false\"><i class=\"ea-expand-icon fa fa-plus\"><\/i> 3 \u2013 Os cartuchos da CosmoPen e Derma Pen podem ser reutilizados?<\/a><\/h3><div class=\"sp-collapse spcollapse \" id=\"collapse9352\" data-parent=#sp-ea-935><div class=\"ea-body\"><p><span class=\"fontstyle0\">N\u00e3o, os cartuchos\/ampolas s\u00e3o de uso \u00fanico, descart\u00e1veis.<\/span><\/p>\n<\/div><\/div><\/div><div class=\"ea-card  sp-ea-single\"><h3 class=\"ea-header\"><a class=\"collapsed\" data-sptoggle=\"spcollapse\" data-sptarget=#collapse9353 href=\"javascript:void(0)\" aria-expanded=\"false\"><i class=\"ea-expand-icon fa fa-plus\"><\/i> 4 \u2013 As canetas Cosmo Pen e Derma Pen podem ser reutilizadas e higienizadas?<\/a><\/h3><div class=\"sp-collapse spcollapse \" id=\"collapse9353\" data-parent=#sp-ea-935><div class=\"ea-body\"><p><span class=\"fontstyle0\">Sim, as canetas s\u00e3o pass\u00edveis de higieniza\u00e7\u00e3o com \u00e1lcool 70% ou Clorexidina.<\/span><\/p>\n<\/div><\/div><\/div><div class=\"ea-card  sp-ea-single\"><h3 class=\"ea-header\"><a class=\"collapsed\" data-sptoggle=\"spcollapse\" data-sptarget=#collapse9354 href=\"javascript:void(0)\" aria-expanded=\"false\"><i class=\"ea-expand-icon fa fa-plus\"><\/i> 5 \u2013 S\u00e3o necess\u00e1rias muitas sess\u00f5es de microagulhamento para ver o resultado?<\/a><\/h3><div class=\"sp-collapse spcollapse \" id=\"collapse9354\" data-parent=#sp-ea-935><div class=\"ea-body\"><p><span class=\"fontstyle0\">Os resultados normalmente s\u00e3o percebidos j\u00e1 na primeira sess\u00e3o, melhorando o<br \/>\naspecto da pele, o brilho e a maciez. S\u00e3o recomendadas no m\u00ednimo 3 sess\u00f5es.<\/span><\/p>\n<\/div><\/div><\/div><div class=\"ea-card  sp-ea-single\"><h3 class=\"ea-header\"><a class=\"collapsed\" data-sptoggle=\"spcollapse\" data-sptarget=#collapse9355 href=\"javascript:void(0)\" aria-expanded=\"false\"><i class=\"ea-expand-icon fa fa-plus\"><\/i> 6 \u2013 O microagulhamento pode ser realizado em estrias?<\/a><\/h3><div class=\"sp-collapse spcollapse \" id=\"collapse9355\" data-parent=#sp-ea-935><div class=\"ea-body\"><p><span class=\"fontstyle0\">Pode ser realizado em qualquer parte do corpo e em estrias tamb\u00e9m. Por\u00e9m, \u00e9<br \/>\nimportante avaliar se a pessoa n\u00e3o tem nenhuma contraindica\u00e7\u00e3o como: feridas<br \/>\nabertas, acne ativa, queimaduras etc.<\/span><\/p>\n<\/div><\/div><\/div><div class=\"ea-card  sp-ea-single\"><h3 class=\"ea-header\"><a class=\"collapsed\" data-sptoggle=\"spcollapse\" data-sptarget=#collapse9356 href=\"javascript:void(0)\" aria-expanded=\"false\"><i class=\"ea-expand-icon fa fa-plus\"><\/i> 7 \u2013 Posso pegar sol ap\u00f3s a sess\u00e3o de microagulhamento?<\/a><\/h3><div class=\"sp-collapse spcollapse \" id=\"collapse9356\" data-parent=#sp-ea-935><div class=\"ea-body\"><p><span class=\"fontstyle0\">A exposi\u00e7\u00e3o solar deve ser evitada por at\u00e9 7 dias para n\u00e3o causar manchas. Invista em<br \/>\nfiltro solar!<\/span><\/p>\n<\/div><\/div><\/div><div class=\"ea-card  sp-ea-single\"><h3 class=\"ea-header\"><a class=\"collapsed\" data-sptoggle=\"spcollapse\" data-sptarget=#collapse9357 href=\"javascript:void(0)\" aria-expanded=\"false\"><i class=\"ea-expand-icon fa fa-plus\"><\/i> 8 \u2013 Posso passar maquiagem ap\u00f3s a sess\u00e3o de microagulhamento?<\/a><\/h3><div class=\"sp-collapse spcollapse \" id=\"collapse9357\" data-parent=#sp-ea-935><div class=\"ea-body\"><p><span class=\"fontstyle0\">A aplica\u00e7\u00e3o de maquiagem deve esperar por no m\u00ednimo 24h.<\/span><\/p>\n<\/div><\/div><\/div><div class=\"ea-card  sp-ea-single\"><h3 class=\"ea-header\"><a class=\"collapsed\" data-sptoggle=\"spcollapse\" data-sptarget=#collapse9358 href=\"javascript:void(0)\" aria-expanded=\"false\"><i class=\"ea-expand-icon fa fa-plus\"><\/i> 9 \u2013 Posso aplicar creme e outros produtos ap\u00f3s a sess\u00e3o de microagulhamento?<\/a><\/h3><div class=\"sp-collapse spcollapse \" id=\"collapse9358\" data-parent=#sp-ea-935><div class=\"ea-body\"><p><span class=\"fontstyle0\">Cremes e outros produtos como \u00e1cidos devem ser evitados por no m\u00ednimo 7<br \/>\ndias.<\/span><\/p>\n<\/div><\/div><\/div><div class=\"ea-card  sp-ea-single\"><h3 class=\"ea-header\"><a class=\"collapsed\" data-sptoggle=\"spcollapse\" data-sptarget=#collapse9359 href=\"javascript:void(0)\" aria-expanded=\"false\"><i class=\"ea-expand-icon fa fa-plus\"><\/i> 10 - O microagulhamento melhora as cicatrizes de acne, rugas e melasma?<\/a><\/h3><div class=\"sp-collapse spcollapse \" id=\"collapse9359\" data-parent=#sp-ea-935><div class=\"ea-body\"><p><span class=\"fontstyle0\">Sim. A t\u00e9cnica de microagulhamento pode ser realizado para todas estas disfun\u00e7\u00f5es<br \/>\nest\u00e9ticas gerando resultados eficientes.<\/span><\/p>\n<\/div><\/div><\/div><\/div><\/div>\n\t\t\t\t<\/div>\n\t\t\t\t<\/div>\n\t\t\t\t\t<\/div>\n\t\t<\/div>\n\t\t\t\t\t\t\t<\/div>\n\t\t<\/section>\n\t\t\t\t<section class=\"elementor-section elementor-top-section elementor-element elementor-element-a067652 elementor-section-boxed elementor-section-height-default elementor-section-height-default\" data-id=\"a067652\" data-element_type=\"section\">\n\t\t\t\t\t\t<div class=\"elementor-container elementor-column-gap-default\">\n\t\t\t\t\t<div class=\"elementor-column elementor-col-100 elementor-top-column elementor-element elementor-element-0b176ea\" data-id=\"0b176ea\" data-element_type=\"column\">\n\t\t\t<div class=\"elementor-widget-wrap elementor-element-populated\">\n\t\t\t\t\t\t\t\t<div class=\"elementor-element elementor-element-5b9b87a elementor-widget elementor-widget-spacer\" data-id=\"5b9b87a\" data-element_type=\"widget\" data-settings=\"{&quot;_transform_transition_hover&quot;:{&quot;unit&quot;:&quot;px&quot;,&quot;size&quot;:&quot;&quot;,&quot;sizes&quot;:[]}}\" data-widget_type=\"spacer.default\">\n\t\t\t\t<div class=\"elementor-widget-container\">\n\t\t\t\t\t<div class=\"elementor-spacer\">\n\t\t\t<div class=\"elementor-spacer-inner\"><\/div>\n\t\t<\/div>\n\t\t\t\t<\/div>\n\t\t\t\t<\/div>\n\t\t\t\t\t<\/div>\n\t\t<\/div>\n\t\t\t\t\t\t\t<\/div>\n\t\t<\/section>\n\t\t\t\t\t\t<\/div>\n\t\t\t\t\t<\/div>\n\t\t","protected":false},"excerpt":{"rendered":"","protected":false},"author":1,"featured_media":0,"parent":0,"menu_order":0,"comment_status":"closed","ping_status":"closed","template":"page-templates\/full-width-page.php","meta":{"footnotes":""},"class_list":["post-671","page","type-page","status-publish","hentry"],"yoast_head":"<!-- This site is optimized with the Yoast SEO plugin v27.3 - https:\/\/yoast.com\/product\/yoast-seo-wordpress\/ -->\n<title>FAQ - Blog Microagulhamento.com<\/title>\n<meta name=\"robots\" content=\"index, follow, max-snippet:-1, max-image-preview:large, max-video-preview:-1\" \/>\n<link rel=\"canonical\" href=\"https:\/\/agenciavela.com.br\/alur\/faq\/\" \/>\n<meta property=\"og:locale\" content=\"pt_BR\" \/>\n<meta property=\"og:type\" content=\"article\" \/>\n<meta property=\"og:title\" content=\"FAQ - Blog Microagulhamento.com\" \/>\n<meta property=\"og:url\" content=\"https:\/\/agenciavela.com.br\/alur\/faq\/\" \/>\n<meta property=\"og:site_name\" content=\"Blog Microagulhamento.com\" \/>\n<meta property=\"article:modified_time\" content=\"2021-11-08T13:15:50+00:00\" \/>\n<meta name=\"twitter:card\" content=\"summary_large_image\" \/>\n<meta name=\"twitter:label1\" content=\"Est. tempo de leitura\" \/>\n\t<meta name=\"twitter:data1\" content=\"2 minutos\" \/>\n<script type=\"application\/ld+json\" class=\"yoast-schema-graph\">{\"@context\":\"https:\\\/\\\/schema.org\",\"@graph\":[{\"@type\":\"WebPage\",\"@id\":\"https:\\\/\\\/agenciavela.com.br\\\/alur\\\/faq\\\/\",\"url\":\"https:\\\/\\\/agenciavela.com.br\\\/alur\\\/faq\\\/\",\"name\":\"FAQ - Blog Microagulhamento.com\",\"isPartOf\":{\"@id\":\"https:\\\/\\\/agenciavela.com.br\\\/alur\\\/#website\"},\"datePublished\":\"2021-10-25T14:57:40+00:00\",\"dateModified\":\"2021-11-08T13:15:50+00:00\",\"breadcrumb\":{\"@id\":\"https:\\\/\\\/agenciavela.com.br\\\/alur\\\/faq\\\/#breadcrumb\"},\"inLanguage\":\"pt-BR\",\"potentialAction\":[{\"@type\":\"ReadAction\",\"target\":[\"https:\\\/\\\/agenciavela.com.br\\\/alur\\\/faq\\\/\"]}]},{\"@type\":\"BreadcrumbList\",\"@id\":\"https:\\\/\\\/agenciavela.com.br\\\/alur\\\/faq\\\/#breadcrumb\",\"itemListElement\":[{\"@type\":\"ListItem\",\"position\":1,\"name\":\"In\u00edcio\",\"item\":\"https:\\\/\\\/agenciavela.com.br\\\/alur\\\/\"},{\"@type\":\"ListItem\",\"position\":2,\"name\":\"FAQ\"}]},{\"@type\":\"WebSite\",\"@id\":\"https:\\\/\\\/agenciavela.com.br\\\/alur\\\/#website\",\"url\":\"https:\\\/\\\/agenciavela.com.br\\\/alur\\\/\",\"name\":\"Blog Microagulhamento.com\",\"description\":\"Trazemos mais informa\u00e7\u00f5es de qualidade e com embasamento te\u00f3rico para os profissionais que trabalham com a t\u00e9cnica de microagulhamento, atrav\u00e9s de artigos, dicas e protocolos para expor os resultados que podem ser obtidos por esse t\u00e9cnica.\",\"publisher\":{\"@id\":\"https:\\\/\\\/agenciavela.com.br\\\/alur\\\/#organization\"},\"potentialAction\":[{\"@type\":\"SearchAction\",\"target\":{\"@type\":\"EntryPoint\",\"urlTemplate\":\"https:\\\/\\\/agenciavela.com.br\\\/alur\\\/?s={search_term_string}\"},\"query-input\":{\"@type\":\"PropertyValueSpecification\",\"valueRequired\":true,\"valueName\":\"search_term_string\"}}],\"inLanguage\":\"pt-BR\"},{\"@type\":\"Organization\",\"@id\":\"https:\\\/\\\/agenciavela.com.br\\\/alur\\\/#organization\",\"name\":\"Alur Medical Ltda\",\"url\":\"https:\\\/\\\/agenciavela.com.br\\\/alur\\\/\",\"logo\":{\"@type\":\"ImageObject\",\"inLanguage\":\"pt-BR\",\"@id\":\"https:\\\/\\\/agenciavela.com.br\\\/alur\\\/#\\\/schema\\\/logo\\\/image\\\/\",\"url\":\"https:\\\/\\\/agenciavela.com.br\\\/alur\\\/wp-content\\\/uploads\\\/2021\\\/10\\\/logo.png\",\"contentUrl\":\"https:\\\/\\\/agenciavela.com.br\\\/alur\\\/wp-content\\\/uploads\\\/2021\\\/10\\\/logo.png\",\"width\":132,\"height\":114,\"caption\":\"Alur Medical Ltda\"},\"image\":{\"@id\":\"https:\\\/\\\/agenciavela.com.br\\\/alur\\\/#\\\/schema\\\/logo\\\/image\\\/\"}}]}<\/script>\n<!-- \/ Yoast SEO plugin. -->","yoast_head_json":{"title":"FAQ - Blog Microagulhamento.com","robots":{"index":"index","follow":"follow","max-snippet":"max-snippet:-1","max-image-preview":"max-image-preview:large","max-video-preview":"max-video-preview:-1"},"canonical":"https:\/\/agenciavela.com.br\/alur\/faq\/","og_locale":"pt_BR","og_type":"article","og_title":"FAQ - Blog Microagulhamento.com","og_url":"https:\/\/agenciavela.com.br\/alur\/faq\/","og_site_name":"Blog Microagulhamento.com","article_modified_time":"2021-11-08T13:15:50+00:00","twitter_card":"summary_large_image","twitter_misc":{"Est. tempo de leitura":"2 minutos"},"schema":{"@context":"https:\/\/schema.org","@graph":[{"@type":"WebPage","@id":"https:\/\/agenciavela.com.br\/alur\/faq\/","url":"https:\/\/agenciavela.com.br\/alur\/faq\/","name":"FAQ - Blog Microagulhamento.com","isPartOf":{"@id":"https:\/\/agenciavela.com.br\/alur\/#website"},"datePublished":"2021-10-25T14:57:40+00:00","dateModified":"2021-11-08T13:15:50+00:00","breadcrumb":{"@id":"https:\/\/agenciavela.com.br\/alur\/faq\/#breadcrumb"},"inLanguage":"pt-BR","potentialAction":[{"@type":"ReadAction","target":["https:\/\/agenciavela.com.br\/alur\/faq\/"]}]},{"@type":"BreadcrumbList","@id":"https:\/\/agenciavela.com.br\/alur\/faq\/#breadcrumb","itemListElement":[{"@type":"ListItem","position":1,"name":"In\u00edcio","item":"https:\/\/agenciavela.com.br\/alur\/"},{"@type":"ListItem","position":2,"name":"FAQ"}]},{"@type":"WebSite","@id":"https:\/\/agenciavela.com.br\/alur\/#website","url":"https:\/\/agenciavela.com.br\/alur\/","name":"Blog Microagulhamento.com","description":"Trazemos mais informa\u00e7\u00f5es de qualidade e com embasamento te\u00f3rico para os profissionais que trabalham com a t\u00e9cnica de microagulhamento, atrav\u00e9s de artigos, dicas e protocolos para expor os resultados que podem ser obtidos por esse t\u00e9cnica.","publisher":{"@id":"https:\/\/agenciavela.com.br\/alur\/#organization"},"potentialAction":[{"@type":"SearchAction","target":{"@type":"EntryPoint","urlTemplate":"https:\/\/agenciavela.com.br\/alur\/?s={search_term_string}"},"query-input":{"@type":"PropertyValueSpecification","valueRequired":true,"valueName":"search_term_string"}}],"inLanguage":"pt-BR"},{"@type":"Organization","@id":"https:\/\/agenciavela.com.br\/alur\/#organization","name":"Alur Medical Ltda","url":"https:\/\/agenciavela.com.br\/alur\/","logo":{"@type":"ImageObject","inLanguage":"pt-BR","@id":"https:\/\/agenciavela.com.br\/alur\/#\/schema\/logo\/image\/","url":"https:\/\/agenciavela.com.br\/alur\/wp-content\/uploads\/2021\/10\/logo.png","contentUrl":"https:\/\/agenciavela.com.br\/alur\/wp-content\/uploads\/2021\/10\/logo.png","width":132,"height":114,"caption":"Alur Medical Ltda"},"image":{"@id":"https:\/\/agenciavela.com.br\/alur\/#\/schema\/logo\/image\/"}}]}},"_links":{"self":[{"href":"https:\/\/agenciavela.com.br\/alur\/wp-json\/wp\/v2\/pages\/671","targetHints":{"allow":["GET"]}}],"collection":[{"href":"https:\/\/agenciavela.com.br\/alur\/wp-json\/wp\/v2\/pages"}],"about":[{"href":"https:\/\/agenciavela.com.br\/alur\/wp-json\/wp\/v2\/types\/page"}],"author":[{"embeddable":true,"href":"https:\/\/agenciavela.com.br\/alur\/wp-json\/wp\/v2\/users\/1"}],"replies":[{"embeddable":true,"href":"https:\/\/agenciavela.com.br\/alur\/wp-json\/wp\/v2\/comments?post=671"}],"version-history":[{"count":5,"href":"https:\/\/agenciavela.com.br\/alur\/wp-json\/wp\/v2\/pages\/671\/revisions"}],"predecessor-version":[{"id":3098,"href":"https:\/\/agenciavela.com.br\/alur\/wp-json\/wp\/v2\/pages\/671\/revisions\/3098"}],"wp:attachment":[{"href":"https:\/\/agenciavela.com.br\/alur\/wp-json\/wp\/v2\/media?parent=671"}],"curies":[{"name":"wp","href":"https:\/\/api.w.org\/{rel}","templated":true}]}}