{"id":670,"date":"2021-10-25T11:57:39","date_gmt":"2021-10-25T14:57:39","guid":{"rendered":"https:\/\/agenciavela.com.br\/alur\/?page_id=670"},"modified":"2021-11-08T10:24:15","modified_gmt":"2021-11-08T13:24:15","slug":"capilar-2","status":"publish","type":"page","link":"https:\/\/agenciavela.com.br\/alur\/capilar-2\/","title":{"rendered":"Capilar"},"content":{"rendered":"\t\t<div data-elementor-type=\"wp-page\" data-elementor-id=\"670\" class=\"elementor elementor-670\" data-elementor-settings=\"[]\">\n\t\t\t\t\t\t\t<div class=\"elementor-section-wrap\">\n\t\t\t\t\t\t\t<section class=\"elementor-section elementor-top-section elementor-element elementor-element-264037a elementor-section-boxed elementor-section-height-default elementor-section-height-default\" data-id=\"264037a\" data-element_type=\"section\">\n\t\t\t\t\t\t<div class=\"elementor-container elementor-column-gap-default\">\n\t\t\t\t\t<div class=\"elementor-column elementor-col-100 elementor-top-column elementor-element elementor-element-524e21f\" data-id=\"524e21f\" data-element_type=\"column\">\n\t\t\t<div class=\"elementor-widget-wrap elementor-element-populated\">\n\t\t\t\t\t\t\t\t<div class=\"elementor-element elementor-element-912a507 elementor-widget elementor-widget-spacer\" data-id=\"912a507\" data-element_type=\"widget\" data-settings=\"{&quot;_transform_transition_hover&quot;:{&quot;unit&quot;:&quot;px&quot;,&quot;size&quot;:&quot;&quot;,&quot;sizes&quot;:[]}}\" data-widget_type=\"spacer.default\">\n\t\t\t\t<div class=\"elementor-widget-container\">\n\t\t\t\t\t<div class=\"elementor-spacer\">\n\t\t\t<div class=\"elementor-spacer-inner\"><\/div>\n\t\t<\/div>\n\t\t\t\t<\/div>\n\t\t\t\t<\/div>\n\t\t\t\t\t<\/div>\n\t\t<\/div>\n\t\t\t\t\t\t\t<\/div>\n\t\t<\/section>\n\t\t\t\t<section class=\"elementor-section elementor-top-section elementor-element elementor-element-46869308 elementor-section-boxed elementor-section-height-default elementor-section-height-default\" data-id=\"46869308\" data-element_type=\"section\">\n\t\t\t\t\t\t<div class=\"elementor-container elementor-column-gap-default\">\n\t\t\t\t\t<div class=\"elementor-column elementor-col-100 elementor-top-column elementor-element elementor-element-2cd24e3\" data-id=\"2cd24e3\" data-element_type=\"column\">\n\t\t\t<div class=\"elementor-widget-wrap elementor-element-populated\">\n\t\t\t\t\t\t\t\t<div class=\"elementor-element elementor-element-73e91b99 elementor-widget elementor-widget-text-editor\" data-id=\"73e91b99\" data-element_type=\"widget\" data-settings=\"{&quot;_transform_transition_hover&quot;:{&quot;unit&quot;:&quot;px&quot;,&quot;size&quot;:&quot;&quot;,&quot;sizes&quot;:[]}}\" data-widget_type=\"text-editor.default\">\n\t\t\t\t<div class=\"elementor-widget-container\">\n\t\t\t<style>\/*! elementor - v3.4.6 - 25-10-2021 *\/\n.elementor-widget-text-editor.elementor-drop-cap-view-stacked .elementor-drop-cap{background-color:#818a91;color:#fff}.elementor-widget-text-editor.elementor-drop-cap-view-framed .elementor-drop-cap{color:#818a91;border:3px solid;background-color:transparent}.elementor-widget-text-editor:not(.elementor-drop-cap-view-default) .elementor-drop-cap{margin-top:8px}.elementor-widget-text-editor:not(.elementor-drop-cap-view-default) .elementor-drop-cap-letter{width:1em;height:1em}.elementor-widget-text-editor .elementor-drop-cap{float:left;text-align:center;line-height:1;font-size:50px}.elementor-widget-text-editor .elementor-drop-cap-letter{display:inline-block}<\/style>\t\t\t\t<div data-colibri-id=\"670-c1\" class=\"style-1076 style-local-670-c1 position-relative\">\n  <!---->\n<\/div>\t\t\t\t\t\t<\/div>\n\t\t\t\t<\/div>\n\t\t\t\t\t<\/div>\n\t\t<\/div>\n\t\t\t\t\t\t\t<\/div>\n\t\t<\/section>\n\t\t\t\t<section class=\"elementor-section elementor-top-section elementor-element elementor-element-2624bdf elementor-section-boxed elementor-section-height-default elementor-section-height-default\" data-id=\"2624bdf\" data-element_type=\"section\">\n\t\t\t\t\t\t<div class=\"elementor-container elementor-column-gap-default\">\n\t\t\t\t\t<div class=\"elementor-column elementor-col-100 elementor-top-column elementor-element elementor-element-8a190ec\" data-id=\"8a190ec\" data-element_type=\"column\">\n\t\t\t<div class=\"elementor-widget-wrap elementor-element-populated\">\n\t\t\t\t\t\t\t\t<div class=\"elementor-element elementor-element-09857af elementor-widget elementor-widget-shortcode\" data-id=\"09857af\" data-element_type=\"widget\" data-settings=\"{&quot;_transform_transition_hover&quot;:{&quot;unit&quot;:&quot;px&quot;,&quot;size&quot;:&quot;&quot;,&quot;sizes&quot;:[]}}\" data-widget_type=\"shortcode.default\">\n\t\t\t\t<div class=\"elementor-widget-container\">\n\t\t\t\t\t<div class=\"elementor-shortcode\">\n<div id=\"pcp_wrapper-2097\" class=\"sp-pcp-section sp-pcp-container pcp-wrapper-2097\">\n\t<div class=\"sp-pcp-row\">\n\t\t\t<\/div>\n\t\t<span class=\"sp-pcp-pagination-data\" style=\"display:none;\"><\/span>\n\n\t\t<nav class=\"pcp-post-pagination pcp-on-desktop\">\n\t\t\t\t\t<\/nav>\n\t\t\t\t\t<nav class=\"pcp-post-pagination pcp-on-mobile\">\n\t\t\t\t\t<\/nav>\n\t\t\t\t<\/div>\n<\/div>\n\t\t\t\t<\/div>\n\t\t\t\t<\/div>\n\t\t\t\t\t<\/div>\n\t\t<\/div>\n\t\t\t\t\t\t\t<\/div>\n\t\t<\/section>\n\t\t\t\t\t\t<\/div>\n\t\t\t\t\t<\/div>\n\t\t","protected":false},"excerpt":{"rendered":"","protected":false},"author":1,"featured_media":0,"parent":0,"menu_order":0,"comment_status":"closed","ping_status":"closed","template":"page-templates\/full-width-page.php","meta":{"footnotes":""},"class_list":["post-670","page","type-page","status-publish","hentry"],"yoast_head":"<!-- This site is optimized with the Yoast SEO plugin v27.3 - https:\/\/yoast.com\/product\/yoast-seo-wordpress\/ -->\n<title>Capilar - Blog Microagulhamento.com<\/title>\n<meta name=\"robots\" content=\"index, follow, max-snippet:-1, max-image-preview:large, max-video-preview:-1\" \/>\n<link rel=\"canonical\" href=\"https:\/\/agenciavela.com.br\/alur\/capilar-2\/\" \/>\n<meta property=\"og:locale\" content=\"pt_BR\" \/>\n<meta property=\"og:type\" content=\"article\" \/>\n<meta property=\"og:title\" content=\"Capilar - Blog Microagulhamento.com\" \/>\n<meta property=\"og:url\" content=\"https:\/\/agenciavela.com.br\/alur\/capilar-2\/\" \/>\n<meta property=\"og:site_name\" content=\"Blog Microagulhamento.com\" \/>\n<meta property=\"article:modified_time\" content=\"2021-11-08T13:24:15+00:00\" \/>\n<meta name=\"twitter:card\" content=\"summary_large_image\" \/>\n<script type=\"application\/ld+json\" class=\"yoast-schema-graph\">{\"@context\":\"https:\\\/\\\/schema.org\",\"@graph\":[{\"@type\":\"WebPage\",\"@id\":\"https:\\\/\\\/agenciavela.com.br\\\/alur\\\/capilar-2\\\/\",\"url\":\"https:\\\/\\\/agenciavela.com.br\\\/alur\\\/capilar-2\\\/\",\"name\":\"Capilar - Blog Microagulhamento.com\",\"isPartOf\":{\"@id\":\"https:\\\/\\\/agenciavela.com.br\\\/alur\\\/#website\"},\"datePublished\":\"2021-10-25T14:57:39+00:00\",\"dateModified\":\"2021-11-08T13:24:15+00:00\",\"breadcrumb\":{\"@id\":\"https:\\\/\\\/agenciavela.com.br\\\/alur\\\/capilar-2\\\/#breadcrumb\"},\"inLanguage\":\"pt-BR\",\"potentialAction\":[{\"@type\":\"ReadAction\",\"target\":[\"https:\\\/\\\/agenciavela.com.br\\\/alur\\\/capilar-2\\\/\"]}]},{\"@type\":\"BreadcrumbList\",\"@id\":\"https:\\\/\\\/agenciavela.com.br\\\/alur\\\/capilar-2\\\/#breadcrumb\",\"itemListElement\":[{\"@type\":\"ListItem\",\"position\":1,\"name\":\"In\u00edcio\",\"item\":\"https:\\\/\\\/agenciavela.com.br\\\/alur\\\/\"},{\"@type\":\"ListItem\",\"position\":2,\"name\":\"Capilar\"}]},{\"@type\":\"WebSite\",\"@id\":\"https:\\\/\\\/agenciavela.com.br\\\/alur\\\/#website\",\"url\":\"https:\\\/\\\/agenciavela.com.br\\\/alur\\\/\",\"name\":\"Blog Microagulhamento.com\",\"description\":\"Trazemos mais informa\u00e7\u00f5es de qualidade e com embasamento te\u00f3rico para os profissionais que trabalham com a t\u00e9cnica de microagulhamento, atrav\u00e9s de artigos, dicas e protocolos para expor os resultados que podem ser obtidos por esse t\u00e9cnica.\",\"publisher\":{\"@id\":\"https:\\\/\\\/agenciavela.com.br\\\/alur\\\/#organization\"},\"potentialAction\":[{\"@type\":\"SearchAction\",\"target\":{\"@type\":\"EntryPoint\",\"urlTemplate\":\"https:\\\/\\\/agenciavela.com.br\\\/alur\\\/?s={search_term_string}\"},\"query-input\":{\"@type\":\"PropertyValueSpecification\",\"valueRequired\":true,\"valueName\":\"search_term_string\"}}],\"inLanguage\":\"pt-BR\"},{\"@type\":\"Organization\",\"@id\":\"https:\\\/\\\/agenciavela.com.br\\\/alur\\\/#organization\",\"name\":\"Alur Medical Ltda\",\"url\":\"https:\\\/\\\/agenciavela.com.br\\\/alur\\\/\",\"logo\":{\"@type\":\"ImageObject\",\"inLanguage\":\"pt-BR\",\"@id\":\"https:\\\/\\\/agenciavela.com.br\\\/alur\\\/#\\\/schema\\\/logo\\\/image\\\/\",\"url\":\"https:\\\/\\\/agenciavela.com.br\\\/alur\\\/wp-content\\\/uploads\\\/2021\\\/10\\\/logo.png\",\"contentUrl\":\"https:\\\/\\\/agenciavela.com.br\\\/alur\\\/wp-content\\\/uploads\\\/2021\\\/10\\\/logo.png\",\"width\":132,\"height\":114,\"caption\":\"Alur Medical Ltda\"},\"image\":{\"@id\":\"https:\\\/\\\/agenciavela.com.br\\\/alur\\\/#\\\/schema\\\/logo\\\/image\\\/\"}}]}<\/script>\n<!-- \/ Yoast SEO plugin. -->","yoast_head_json":{"title":"Capilar - Blog Microagulhamento.com","robots":{"index":"index","follow":"follow","max-snippet":"max-snippet:-1","max-image-preview":"max-image-preview:large","max-video-preview":"max-video-preview:-1"},"canonical":"https:\/\/agenciavela.com.br\/alur\/capilar-2\/","og_locale":"pt_BR","og_type":"article","og_title":"Capilar - Blog Microagulhamento.com","og_url":"https:\/\/agenciavela.com.br\/alur\/capilar-2\/","og_site_name":"Blog Microagulhamento.com","article_modified_time":"2021-11-08T13:24:15+00:00","twitter_card":"summary_large_image","schema":{"@context":"https:\/\/schema.org","@graph":[{"@type":"WebPage","@id":"https:\/\/agenciavela.com.br\/alur\/capilar-2\/","url":"https:\/\/agenciavela.com.br\/alur\/capilar-2\/","name":"Capilar - Blog Microagulhamento.com","isPartOf":{"@id":"https:\/\/agenciavela.com.br\/alur\/#website"},"datePublished":"2021-10-25T14:57:39+00:00","dateModified":"2021-11-08T13:24:15+00:00","breadcrumb":{"@id":"https:\/\/agenciavela.com.br\/alur\/capilar-2\/#breadcrumb"},"inLanguage":"pt-BR","potentialAction":[{"@type":"ReadAction","target":["https:\/\/agenciavela.com.br\/alur\/capilar-2\/"]}]},{"@type":"BreadcrumbList","@id":"https:\/\/agenciavela.com.br\/alur\/capilar-2\/#breadcrumb","itemListElement":[{"@type":"ListItem","position":1,"name":"In\u00edcio","item":"https:\/\/agenciavela.com.br\/alur\/"},{"@type":"ListItem","position":2,"name":"Capilar"}]},{"@type":"WebSite","@id":"https:\/\/agenciavela.com.br\/alur\/#website","url":"https:\/\/agenciavela.com.br\/alur\/","name":"Blog Microagulhamento.com","description":"Trazemos mais informa\u00e7\u00f5es de qualidade e com embasamento te\u00f3rico para os profissionais que trabalham com a t\u00e9cnica de microagulhamento, atrav\u00e9s de artigos, dicas e protocolos para expor os resultados que podem ser obtidos por esse t\u00e9cnica.","publisher":{"@id":"https:\/\/agenciavela.com.br\/alur\/#organization"},"potentialAction":[{"@type":"SearchAction","target":{"@type":"EntryPoint","urlTemplate":"https:\/\/agenciavela.com.br\/alur\/?s={search_term_string}"},"query-input":{"@type":"PropertyValueSpecification","valueRequired":true,"valueName":"search_term_string"}}],"inLanguage":"pt-BR"},{"@type":"Organization","@id":"https:\/\/agenciavela.com.br\/alur\/#organization","name":"Alur Medical Ltda","url":"https:\/\/agenciavela.com.br\/alur\/","logo":{"@type":"ImageObject","inLanguage":"pt-BR","@id":"https:\/\/agenciavela.com.br\/alur\/#\/schema\/logo\/image\/","url":"https:\/\/agenciavela.com.br\/alur\/wp-content\/uploads\/2021\/10\/logo.png","contentUrl":"https:\/\/agenciavela.com.br\/alur\/wp-content\/uploads\/2021\/10\/logo.png","width":132,"height":114,"caption":"Alur Medical Ltda"},"image":{"@id":"https:\/\/agenciavela.com.br\/alur\/#\/schema\/logo\/image\/"}}]}},"_links":{"self":[{"href":"https:\/\/agenciavela.com.br\/alur\/wp-json\/wp\/v2\/pages\/670","targetHints":{"allow":["GET"]}}],"collection":[{"href":"https:\/\/agenciavela.com.br\/alur\/wp-json\/wp\/v2\/pages"}],"about":[{"href":"https:\/\/agenciavela.com.br\/alur\/wp-json\/wp\/v2\/types\/page"}],"author":[{"embeddable":true,"href":"https:\/\/agenciavela.com.br\/alur\/wp-json\/wp\/v2\/users\/1"}],"replies":[{"embeddable":true,"href":"https:\/\/agenciavela.com.br\/alur\/wp-json\/wp\/v2\/comments?post=670"}],"version-history":[{"count":6,"href":"https:\/\/agenciavela.com.br\/alur\/wp-json\/wp\/v2\/pages\/670\/revisions"}],"predecessor-version":[{"id":3179,"href":"https:\/\/agenciavela.com.br\/alur\/wp-json\/wp\/v2\/pages\/670\/revisions\/3179"}],"wp:attachment":[{"href":"https:\/\/agenciavela.com.br\/alur\/wp-json\/wp\/v2\/media?parent=670"}],"curies":[{"name":"wp","href":"https:\/\/api.w.org\/{rel}","templated":true}]}}