{"id":668,"date":"2021-10-25T11:57:39","date_gmt":"2021-10-25T14:57:39","guid":{"rendered":"https:\/\/agenciavela.com.br\/alur\/?page_id=668"},"modified":"2021-11-08T10:23:17","modified_gmt":"2021-11-08T13:23:17","slug":"facial-2","status":"publish","type":"page","link":"https:\/\/agenciavela.com.br\/alur\/facial-2\/","title":{"rendered":"Facial"},"content":{"rendered":"\t\t<div data-elementor-type=\"wp-page\" data-elementor-id=\"668\" class=\"elementor elementor-668\" data-elementor-settings=\"[]\">\n\t\t\t\t\t\t\t<div class=\"elementor-section-wrap\">\n\t\t\t\t\t\t\t<section class=\"elementor-section elementor-top-section elementor-element elementor-element-681e9dc elementor-section-boxed elementor-section-height-default elementor-section-height-default\" data-id=\"681e9dc\" data-element_type=\"section\">\n\t\t\t\t\t\t<div class=\"elementor-container elementor-column-gap-default\">\n\t\t\t\t\t<div class=\"elementor-column elementor-col-100 elementor-top-column elementor-element elementor-element-36e07c2\" data-id=\"36e07c2\" data-element_type=\"column\">\n\t\t\t<div class=\"elementor-widget-wrap elementor-element-populated\">\n\t\t\t\t\t\t\t\t<div class=\"elementor-element elementor-element-3fbfabc elementor-widget elementor-widget-spacer\" data-id=\"3fbfabc\" data-element_type=\"widget\" data-settings=\"{&quot;_transform_transition_hover&quot;:{&quot;unit&quot;:&quot;px&quot;,&quot;size&quot;:&quot;&quot;,&quot;sizes&quot;:[]}}\" data-widget_type=\"spacer.default\">\n\t\t\t\t<div class=\"elementor-widget-container\">\n\t\t\t\t\t<div class=\"elementor-spacer\">\n\t\t\t<div class=\"elementor-spacer-inner\"><\/div>\n\t\t<\/div>\n\t\t\t\t<\/div>\n\t\t\t\t<\/div>\n\t\t\t\t\t<\/div>\n\t\t<\/div>\n\t\t\t\t\t\t\t<\/div>\n\t\t<\/section>\n\t\t\t\t<section class=\"elementor-section elementor-top-section elementor-element elementor-element-13410f10 elementor-section-boxed elementor-section-height-default elementor-section-height-default\" data-id=\"13410f10\" data-element_type=\"section\">\n\t\t\t\t\t\t<div class=\"elementor-container elementor-column-gap-default\">\n\t\t\t\t\t<div class=\"elementor-column elementor-col-100 elementor-top-column elementor-element elementor-element-2d56692d\" data-id=\"2d56692d\" data-element_type=\"column\">\n\t\t\t<div class=\"elementor-widget-wrap elementor-element-populated\">\n\t\t\t\t\t\t\t\t<div class=\"elementor-element elementor-element-4f627a0 elementor-widget elementor-widget-shortcode\" data-id=\"4f627a0\" data-element_type=\"widget\" data-settings=\"{&quot;_transform_transition_hover&quot;:{&quot;unit&quot;:&quot;px&quot;,&quot;size&quot;:&quot;&quot;,&quot;sizes&quot;:[]}}\" data-widget_type=\"shortcode.default\">\n\t\t\t\t<div class=\"elementor-widget-container\">\n\t\t\t\t\t<div class=\"elementor-shortcode\">\n<div id=\"pcp_wrapper-2099\" class=\"sp-pcp-section sp-pcp-container pcp-wrapper-2099\">\n\t<div class=\"sp-pcp-row\">\n\t\t\t\t<div class=\" sp-pcp-col-xs-1 sp-pcp-col-sm-1 sp-pcp-col-md-2 sp-pcp-col-lg-3 sp-pcp-col-xl-3\">\n\t\t\t<div class=\"sp-pcp-post pcp-item-2642\" data-id=\"2642\">\n\t\t\t\t\t\t\t\t<div class=\"pcp-post-thumb-wrapper\">\n\t\t\t\t\t<div class=\"sp-pcp-post-thumb-area\">\n\t\t\t\t\t\t\t\t\t\t\t\t<a class=\"sp-pcp-thumb\" href=\"https:\/\/agenciavela.com.br\/alur\/2021\/11\/16\/protocolo-para-cicatriz-de-acne\/\" target=\"_self\" >\n\t\t\t\t\t\t\t\t\t\t\t\t\t<img decoding=\"async\" src=\"https:\/\/agenciavela.com.br\/alur\/wp-content\/uploads\/2021\/11\/capas-para-blog-1280-x-720-px-2.png\" width=\"3840\" height=\"2160\" alt=\"cicatriz de acne\">\n\t\t\t\t\t\t<\/a>\n\t\t\t\t\t<\/div>\n\t\t\t\t<\/div>\n\t\t\t\t\t\t\t<h2 class=\"sp-pcp-title\">\n\t\t\t\t\t\t\t\t\t<a href=\"https:\/\/agenciavela.com.br\/alur\/2021\/11\/16\/protocolo-para-cicatriz-de-acne\/\"  target=\"_self\">Protocolo para cicatriz de acne<\/a>\t\t\t\t\t\t\t<\/h2>\n\t\t\t\t\t\t<div class=\"sp-pcp-post-meta\">\n\t\t\t<ul><li>\t\t\t\t\t<i class=\"fa fa-user\"><\/i>\n\t\t\t\t\t<a href=\"https:\/\/agenciavela.com.br\/alur\/author\/alur\/\"\n\t\t\t\t\t\trel=\"author\">Alur Medical<\/a>\n\t\t\t\t\t<\/li> <li>\t\t\t\t\t<i class=\"fa fa-calendar\"><\/i>\n\n<time class=\"entry-date published updated\">16\/11\/2021<\/time>\n\t\t\t\t\t<\/li><\/ul>\t\t<\/div>\n\t\t\t\t\t<div class=\"sp-pcp-post-content\">\n\t\t\t<p>A acne \u00e9 uma doen\u00e7a de pele comum e que pode deixar cicatrizes. Veja como o microagulhamento pode atuar para atenuar as cicatrizes e melhorar o aspecto geral da pele.<\/p>\n\t\t<div class=\"sp-pcp-readmore\">\n\t\t\t\t\t\t\t<a class=\"pcp-readmore-link\" target=\"_self\" href=\"https:\/\/agenciavela.com.br\/alur\/2021\/11\/16\/protocolo-para-cicatriz-de-acne\/\" >\n\t\t\t\t\t\tLeia Mais <\/a>\n\t\t<\/div>\n\t\t\t\t\t<\/div>\n\t\t\t\t\t\t<\/div>\n\t\t<\/div>\n\t\t\t<\/div>\n\t\t<span class=\"sp-pcp-pagination-data\" style=\"display:none;\"><\/span>\n\n\t\t<nav class=\"pcp-post-pagination pcp-on-desktop\">\n\t\t\t\t\t<\/nav>\n\t\t\t\t\t<nav class=\"pcp-post-pagination pcp-on-mobile\">\n\t\t\t\t\t<\/nav>\n\t\t\t\t<\/div>\n<\/div>\n\t\t\t\t<\/div>\n\t\t\t\t<\/div>\n\t\t\t\t\t<\/div>\n\t\t<\/div>\n\t\t\t\t\t\t\t<\/div>\n\t\t<\/section>\n\t\t\t\t\t\t<\/div>\n\t\t\t\t\t<\/div>\n\t\t","protected":false},"excerpt":{"rendered":"","protected":false},"author":1,"featured_media":0,"parent":0,"menu_order":0,"comment_status":"closed","ping_status":"closed","template":"page-templates\/full-width-page.php","meta":{"footnotes":""},"class_list":["post-668","page","type-page","status-publish","hentry"],"yoast_head":"<!-- This site is optimized with the Yoast SEO plugin v27.3 - https:\/\/yoast.com\/product\/yoast-seo-wordpress\/ -->\n<title>Facial - Blog Microagulhamento.com<\/title>\n<meta name=\"robots\" content=\"index, follow, max-snippet:-1, max-image-preview:large, max-video-preview:-1\" \/>\n<link rel=\"canonical\" href=\"https:\/\/agenciavela.com.br\/alur\/facial-2\/\" \/>\n<meta property=\"og:locale\" content=\"pt_BR\" \/>\n<meta property=\"og:type\" content=\"article\" \/>\n<meta property=\"og:title\" content=\"Facial - Blog Microagulhamento.com\" \/>\n<meta property=\"og:url\" content=\"https:\/\/agenciavela.com.br\/alur\/facial-2\/\" \/>\n<meta property=\"og:site_name\" content=\"Blog Microagulhamento.com\" \/>\n<meta property=\"article:modified_time\" content=\"2021-11-08T13:23:17+00:00\" \/>\n<meta name=\"twitter:card\" content=\"summary_large_image\" \/>\n<script type=\"application\/ld+json\" class=\"yoast-schema-graph\">{\"@context\":\"https:\\\/\\\/schema.org\",\"@graph\":[{\"@type\":\"WebPage\",\"@id\":\"https:\\\/\\\/agenciavela.com.br\\\/alur\\\/facial-2\\\/\",\"url\":\"https:\\\/\\\/agenciavela.com.br\\\/alur\\\/facial-2\\\/\",\"name\":\"Facial - Blog Microagulhamento.com\",\"isPartOf\":{\"@id\":\"https:\\\/\\\/agenciavela.com.br\\\/alur\\\/#website\"},\"datePublished\":\"2021-10-25T14:57:39+00:00\",\"dateModified\":\"2021-11-08T13:23:17+00:00\",\"breadcrumb\":{\"@id\":\"https:\\\/\\\/agenciavela.com.br\\\/alur\\\/facial-2\\\/#breadcrumb\"},\"inLanguage\":\"pt-BR\",\"potentialAction\":[{\"@type\":\"ReadAction\",\"target\":[\"https:\\\/\\\/agenciavela.com.br\\\/alur\\\/facial-2\\\/\"]}]},{\"@type\":\"BreadcrumbList\",\"@id\":\"https:\\\/\\\/agenciavela.com.br\\\/alur\\\/facial-2\\\/#breadcrumb\",\"itemListElement\":[{\"@type\":\"ListItem\",\"position\":1,\"name\":\"In\u00edcio\",\"item\":\"https:\\\/\\\/agenciavela.com.br\\\/alur\\\/\"},{\"@type\":\"ListItem\",\"position\":2,\"name\":\"Facial\"}]},{\"@type\":\"WebSite\",\"@id\":\"https:\\\/\\\/agenciavela.com.br\\\/alur\\\/#website\",\"url\":\"https:\\\/\\\/agenciavela.com.br\\\/alur\\\/\",\"name\":\"Blog Microagulhamento.com\",\"description\":\"Trazemos mais informa\u00e7\u00f5es de qualidade e com embasamento te\u00f3rico para os profissionais que trabalham com a t\u00e9cnica de microagulhamento, atrav\u00e9s de artigos, dicas e protocolos para expor os resultados que podem ser obtidos por esse t\u00e9cnica.\",\"publisher\":{\"@id\":\"https:\\\/\\\/agenciavela.com.br\\\/alur\\\/#organization\"},\"potentialAction\":[{\"@type\":\"SearchAction\",\"target\":{\"@type\":\"EntryPoint\",\"urlTemplate\":\"https:\\\/\\\/agenciavela.com.br\\\/alur\\\/?s={search_term_string}\"},\"query-input\":{\"@type\":\"PropertyValueSpecification\",\"valueRequired\":true,\"valueName\":\"search_term_string\"}}],\"inLanguage\":\"pt-BR\"},{\"@type\":\"Organization\",\"@id\":\"https:\\\/\\\/agenciavela.com.br\\\/alur\\\/#organization\",\"name\":\"Alur Medical Ltda\",\"url\":\"https:\\\/\\\/agenciavela.com.br\\\/alur\\\/\",\"logo\":{\"@type\":\"ImageObject\",\"inLanguage\":\"pt-BR\",\"@id\":\"https:\\\/\\\/agenciavela.com.br\\\/alur\\\/#\\\/schema\\\/logo\\\/image\\\/\",\"url\":\"https:\\\/\\\/agenciavela.com.br\\\/alur\\\/wp-content\\\/uploads\\\/2021\\\/10\\\/logo.png\",\"contentUrl\":\"https:\\\/\\\/agenciavela.com.br\\\/alur\\\/wp-content\\\/uploads\\\/2021\\\/10\\\/logo.png\",\"width\":132,\"height\":114,\"caption\":\"Alur Medical Ltda\"},\"image\":{\"@id\":\"https:\\\/\\\/agenciavela.com.br\\\/alur\\\/#\\\/schema\\\/logo\\\/image\\\/\"}}]}<\/script>\n<!-- \/ Yoast SEO plugin. -->","yoast_head_json":{"title":"Facial - Blog Microagulhamento.com","robots":{"index":"index","follow":"follow","max-snippet":"max-snippet:-1","max-image-preview":"max-image-preview:large","max-video-preview":"max-video-preview:-1"},"canonical":"https:\/\/agenciavela.com.br\/alur\/facial-2\/","og_locale":"pt_BR","og_type":"article","og_title":"Facial - Blog Microagulhamento.com","og_url":"https:\/\/agenciavela.com.br\/alur\/facial-2\/","og_site_name":"Blog Microagulhamento.com","article_modified_time":"2021-11-08T13:23:17+00:00","twitter_card":"summary_large_image","schema":{"@context":"https:\/\/schema.org","@graph":[{"@type":"WebPage","@id":"https:\/\/agenciavela.com.br\/alur\/facial-2\/","url":"https:\/\/agenciavela.com.br\/alur\/facial-2\/","name":"Facial - Blog Microagulhamento.com","isPartOf":{"@id":"https:\/\/agenciavela.com.br\/alur\/#website"},"datePublished":"2021-10-25T14:57:39+00:00","dateModified":"2021-11-08T13:23:17+00:00","breadcrumb":{"@id":"https:\/\/agenciavela.com.br\/alur\/facial-2\/#breadcrumb"},"inLanguage":"pt-BR","potentialAction":[{"@type":"ReadAction","target":["https:\/\/agenciavela.com.br\/alur\/facial-2\/"]}]},{"@type":"BreadcrumbList","@id":"https:\/\/agenciavela.com.br\/alur\/facial-2\/#breadcrumb","itemListElement":[{"@type":"ListItem","position":1,"name":"In\u00edcio","item":"https:\/\/agenciavela.com.br\/alur\/"},{"@type":"ListItem","position":2,"name":"Facial"}]},{"@type":"WebSite","@id":"https:\/\/agenciavela.com.br\/alur\/#website","url":"https:\/\/agenciavela.com.br\/alur\/","name":"Blog Microagulhamento.com","description":"Trazemos mais informa\u00e7\u00f5es de qualidade e com embasamento te\u00f3rico para os profissionais que trabalham com a t\u00e9cnica de microagulhamento, atrav\u00e9s de artigos, dicas e protocolos para expor os resultados que podem ser obtidos por esse t\u00e9cnica.","publisher":{"@id":"https:\/\/agenciavela.com.br\/alur\/#organization"},"potentialAction":[{"@type":"SearchAction","target":{"@type":"EntryPoint","urlTemplate":"https:\/\/agenciavela.com.br\/alur\/?s={search_term_string}"},"query-input":{"@type":"PropertyValueSpecification","valueRequired":true,"valueName":"search_term_string"}}],"inLanguage":"pt-BR"},{"@type":"Organization","@id":"https:\/\/agenciavela.com.br\/alur\/#organization","name":"Alur Medical Ltda","url":"https:\/\/agenciavela.com.br\/alur\/","logo":{"@type":"ImageObject","inLanguage":"pt-BR","@id":"https:\/\/agenciavela.com.br\/alur\/#\/schema\/logo\/image\/","url":"https:\/\/agenciavela.com.br\/alur\/wp-content\/uploads\/2021\/10\/logo.png","contentUrl":"https:\/\/agenciavela.com.br\/alur\/wp-content\/uploads\/2021\/10\/logo.png","width":132,"height":114,"caption":"Alur Medical Ltda"},"image":{"@id":"https:\/\/agenciavela.com.br\/alur\/#\/schema\/logo\/image\/"}}]}},"_links":{"self":[{"href":"https:\/\/agenciavela.com.br\/alur\/wp-json\/wp\/v2\/pages\/668","targetHints":{"allow":["GET"]}}],"collection":[{"href":"https:\/\/agenciavela.com.br\/alur\/wp-json\/wp\/v2\/pages"}],"about":[{"href":"https:\/\/agenciavela.com.br\/alur\/wp-json\/wp\/v2\/types\/page"}],"author":[{"embeddable":true,"href":"https:\/\/agenciavela.com.br\/alur\/wp-json\/wp\/v2\/users\/1"}],"replies":[{"embeddable":true,"href":"https:\/\/agenciavela.com.br\/alur\/wp-json\/wp\/v2\/comments?post=668"}],"version-history":[{"count":6,"href":"https:\/\/agenciavela.com.br\/alur\/wp-json\/wp\/v2\/pages\/668\/revisions"}],"predecessor-version":[{"id":3167,"href":"https:\/\/agenciavela.com.br\/alur\/wp-json\/wp\/v2\/pages\/668\/revisions\/3167"}],"wp:attachment":[{"href":"https:\/\/agenciavela.com.br\/alur\/wp-json\/wp\/v2\/media?parent=668"}],"curies":[{"name":"wp","href":"https:\/\/api.w.org\/{rel}","templated":true}]}}