{"id":663,"date":"2021-10-25T11:57:39","date_gmt":"2021-10-25T14:57:39","guid":{"rendered":"https:\/\/agenciavela.com.br\/alur\/?page_id=663"},"modified":"2021-11-08T10:20:31","modified_gmt":"2021-11-08T13:20:31","slug":"cuidados","status":"publish","type":"page","link":"https:\/\/agenciavela.com.br\/alur\/cuidados\/","title":{"rendered":"Dicas"},"content":{"rendered":"\t\t<div data-elementor-type=\"wp-page\" data-elementor-id=\"663\" class=\"elementor elementor-663\" data-elementor-settings=\"[]\">\n\t\t\t\t\t\t\t<div class=\"elementor-section-wrap\">\n\t\t\t\t\t\t\t<section class=\"elementor-section elementor-top-section elementor-element elementor-element-655951b elementor-section-boxed elementor-section-height-default elementor-section-height-default\" data-id=\"655951b\" data-element_type=\"section\">\n\t\t\t\t\t\t<div class=\"elementor-container elementor-column-gap-default\">\n\t\t\t\t\t<div class=\"elementor-column elementor-col-100 elementor-top-column elementor-element elementor-element-40455e6\" data-id=\"40455e6\" data-element_type=\"column\">\n\t\t\t<div class=\"elementor-widget-wrap elementor-element-populated\">\n\t\t\t\t\t\t\t\t<div class=\"elementor-element elementor-element-4568b1d elementor-widget elementor-widget-spacer\" data-id=\"4568b1d\" data-element_type=\"widget\" data-settings=\"{&quot;_transform_transition_hover&quot;:{&quot;unit&quot;:&quot;px&quot;,&quot;size&quot;:&quot;&quot;,&quot;sizes&quot;:[]}}\" data-widget_type=\"spacer.default\">\n\t\t\t\t<div class=\"elementor-widget-container\">\n\t\t\t\t\t<div class=\"elementor-spacer\">\n\t\t\t<div class=\"elementor-spacer-inner\"><\/div>\n\t\t<\/div>\n\t\t\t\t<\/div>\n\t\t\t\t<\/div>\n\t\t\t\t\t<\/div>\n\t\t<\/div>\n\t\t\t\t\t\t\t<\/div>\n\t\t<\/section>\n\t\t\t\t<section class=\"elementor-section elementor-top-section elementor-element elementor-element-3d534f1 elementor-section-boxed elementor-section-height-default elementor-section-height-default\" data-id=\"3d534f1\" data-element_type=\"section\">\n\t\t\t\t\t\t<div class=\"elementor-container elementor-column-gap-default\">\n\t\t\t\t\t<div class=\"elementor-column elementor-col-100 elementor-top-column elementor-element elementor-element-1013949\" data-id=\"1013949\" data-element_type=\"column\">\n\t\t\t<div class=\"elementor-widget-wrap elementor-element-populated\">\n\t\t\t\t\t\t\t\t<div class=\"elementor-element elementor-element-e1d6d4d elementor-widget elementor-widget-shortcode\" data-id=\"e1d6d4d\" data-element_type=\"widget\" data-settings=\"{&quot;_transform_transition_hover&quot;:{&quot;unit&quot;:&quot;px&quot;,&quot;size&quot;:&quot;&quot;,&quot;sizes&quot;:[]}}\" data-widget_type=\"shortcode.default\">\n\t\t\t\t<div class=\"elementor-widget-container\">\n\t\t\t\t\t<div class=\"elementor-shortcode\">\n<div id=\"pcp_wrapper-2096\" class=\"sp-pcp-section sp-pcp-container pcp-wrapper-2096\">\n\t<div class=\"sp-pcp-row\">\n\t\t\t\t<div class=\" sp-pcp-col-xs-1 sp-pcp-col-sm-1 sp-pcp-col-md-2 sp-pcp-col-lg-3 sp-pcp-col-xl-3\">\n\t\t\t<div class=\"sp-pcp-post pcp-item-2926\" data-id=\"2926\">\n\t\t\t\t\t\t\t\t<div class=\"pcp-post-thumb-wrapper\">\n\t\t\t\t\t<div class=\"sp-pcp-post-thumb-area\">\n\t\t\t\t\t\t\t\t\t\t\t\t<a class=\"sp-pcp-thumb\" href=\"https:\/\/agenciavela.com.br\/alur\/2021\/11\/05\/quais-os-profissionais-que-podem-realizar-o-microagulhamento\/\" target=\"_self\" >\n\t\t\t\t\t\t\t\t\t\t\t\t\t<img decoding=\"async\" src=\"https:\/\/agenciavela.com.br\/alur\/wp-content\/uploads\/2021\/11\/microagulhamento-3.png\" width=\"3840\" height=\"2160\" alt=\"Profissionais que podem aplicar microagulhamento\">\n\t\t\t\t\t\t<\/a>\n\t\t\t\t\t<\/div>\n\t\t\t\t<\/div>\n\t\t\t\t\t\t\t<h2 class=\"sp-pcp-title\">\n\t\t\t\t\t\t\t\t\t<a href=\"https:\/\/agenciavela.com.br\/alur\/2021\/11\/05\/quais-os-profissionais-que-podem-realizar-o-microagulhamento\/\"  target=\"_self\">Quais os profissionais que podem realizar o microagulhamento?<\/a>\t\t\t\t\t\t\t<\/h2>\n\t\t\t\t\t\t<div class=\"sp-pcp-post-meta\">\n\t\t\t<ul><li>\t\t\t\t\t<i class=\"fa fa-user\"><\/i>\n\t\t\t\t\t<a href=\"https:\/\/agenciavela.com.br\/alur\/author\/alur\/\"\n\t\t\t\t\t\trel=\"author\">Alur Medical<\/a>\n\t\t\t\t\t<\/li> <li>\t\t\t\t\t<i class=\"fa fa-calendar\"><\/i>\n\n<time class=\"entry-date published updated\">05\/11\/2021<\/time>\n\t\t\t\t\t<\/li><\/ul>\t\t<\/div>\n\t\t\t\t\t<div class=\"sp-pcp-post-content\">\n\t\t\t<p>Hoje nosso texto vai ser voltado para indicar os profissionais que podem realizar o procedimento de microagulhamento. Confira!<\/p>\n\t\t<div class=\"sp-pcp-readmore\">\n\t\t\t\t\t\t\t<a class=\"pcp-readmore-link\" target=\"_self\" href=\"https:\/\/agenciavela.com.br\/alur\/2021\/11\/05\/quais-os-profissionais-que-podem-realizar-o-microagulhamento\/\" >\n\t\t\t\t\t\tLeia Mais <\/a>\n\t\t<\/div>\n\t\t\t\t\t<\/div>\n\t\t\t\t\t\t<\/div>\n\t\t<\/div>\n\t\t\t\t<div class=\" sp-pcp-col-xs-1 sp-pcp-col-sm-1 sp-pcp-col-md-2 sp-pcp-col-lg-3 sp-pcp-col-xl-3\">\n\t\t\t<div class=\"sp-pcp-post pcp-item-2921\" data-id=\"2921\">\n\t\t\t\t\t\t\t\t<div class=\"pcp-post-thumb-wrapper\">\n\t\t\t\t\t<div class=\"sp-pcp-post-thumb-area\">\n\t\t\t\t\t\t\t\t\t\t\t\t<a class=\"sp-pcp-thumb\" href=\"https:\/\/agenciavela.com.br\/alur\/2021\/11\/05\/microagulhamento-associado-com-outros-procedimentos\/\" target=\"_self\" >\n\t\t\t\t\t\t\t\t\t\t\t\t\t<img decoding=\"async\" src=\"https:\/\/agenciavela.com.br\/alur\/wp-content\/uploads\/2021\/11\/microagulhamento-2-1.png\" width=\"3840\" height=\"2160\" alt=\"procedimento est\u00e9tico e microagulhamento\">\n\t\t\t\t\t\t<\/a>\n\t\t\t\t\t<\/div>\n\t\t\t\t<\/div>\n\t\t\t\t\t\t\t<h2 class=\"sp-pcp-title\">\n\t\t\t\t\t\t\t\t\t<a href=\"https:\/\/agenciavela.com.br\/alur\/2021\/11\/05\/microagulhamento-associado-com-outros-procedimentos\/\"  target=\"_self\">Microagulhamento associado com outros procedimentos<\/a>\t\t\t\t\t\t\t<\/h2>\n\t\t\t\t\t\t<div class=\"sp-pcp-post-meta\">\n\t\t\t<ul><li>\t\t\t\t\t<i class=\"fa fa-user\"><\/i>\n\t\t\t\t\t<a href=\"https:\/\/agenciavela.com.br\/alur\/author\/alur\/\"\n\t\t\t\t\t\trel=\"author\">Alur Medical<\/a>\n\t\t\t\t\t<\/li> <li>\t\t\t\t\t<i class=\"fa fa-calendar\"><\/i>\n\n<time class=\"entry-date published updated\">05\/11\/2021<\/time>\n\t\t\t\t\t<\/li><\/ul>\t\t<\/div>\n\t\t\t\t\t<div class=\"sp-pcp-post-content\">\n\t\t\t<p>Sabemos que o microagulhamento em si j\u00e1 \u00e9 um procedimento com resultados incr\u00edveis. Contudo, a utiliza\u00e7\u00e3o de protocolos associando microagulhamento e outros procedimentos pode potencializar ainda mais estes resultados.<\/p>\n\t\t<div class=\"sp-pcp-readmore\">\n\t\t\t\t\t\t\t<a class=\"pcp-readmore-link\" target=\"_self\" href=\"https:\/\/agenciavela.com.br\/alur\/2021\/11\/05\/microagulhamento-associado-com-outros-procedimentos\/\" >\n\t\t\t\t\t\tLeia Mais <\/a>\n\t\t<\/div>\n\t\t\t\t\t<\/div>\n\t\t\t\t\t\t<\/div>\n\t\t<\/div>\n\t\t\t\t<div class=\" sp-pcp-col-xs-1 sp-pcp-col-sm-1 sp-pcp-col-md-2 sp-pcp-col-lg-3 sp-pcp-col-xl-3\">\n\t\t\t<div class=\"sp-pcp-post pcp-item-2336\" data-id=\"2336\">\n\t\t\t\t\t\t\t\t<div class=\"pcp-post-thumb-wrapper\">\n\t\t\t\t\t<div class=\"sp-pcp-post-thumb-area\">\n\t\t\t\t\t\t\t\t\t\t\t\t<a class=\"sp-pcp-thumb\" href=\"https:\/\/agenciavela.com.br\/alur\/2021\/11\/01\/7-mitos-e-verdades-sobre-o-microagulhamento\/\" target=\"_self\" >\n\t\t\t\t\t\t\t\t\t\t\t\t\t<img decoding=\"async\" src=\"https:\/\/agenciavela.com.br\/alur\/wp-content\/uploads\/2021\/11\/microagulhamento-2-2.png\" width=\"3840\" height=\"2160\" alt=\"mitos e verdades sobre microagulhamento\">\n\t\t\t\t\t\t<\/a>\n\t\t\t\t\t<\/div>\n\t\t\t\t<\/div>\n\t\t\t\t\t\t\t<h2 class=\"sp-pcp-title\">\n\t\t\t\t\t\t\t\t\t<a href=\"https:\/\/agenciavela.com.br\/alur\/2021\/11\/01\/7-mitos-e-verdades-sobre-o-microagulhamento\/\"  target=\"_self\">7 mitos e verdades sobre o microagulhamento<\/a>\t\t\t\t\t\t\t<\/h2>\n\t\t\t\t\t\t<div class=\"sp-pcp-post-meta\">\n\t\t\t<ul><li>\t\t\t\t\t<i class=\"fa fa-user\"><\/i>\n\t\t\t\t\t<a href=\"https:\/\/agenciavela.com.br\/alur\/author\/alur\/\"\n\t\t\t\t\t\trel=\"author\">Alur Medical<\/a>\n\t\t\t\t\t<\/li> <li>\t\t\t\t\t<i class=\"fa fa-calendar\"><\/i>\n\n<time class=\"entry-date published updated\">01\/11\/2021<\/time>\n\t\t\t\t\t<\/li><\/ul>\t\t<\/div>\n\t\t\t\t\t<div class=\"sp-pcp-post-content\">\n\t\t\t<p>Vamos falar um pouquinho sobre os mitos e verdades referente a t\u00e9cnica de microagulhamento que conforme foi ficando conhecida e \u00e9 cada dia mais procurada e juntamente com isso acaba gemando algumas d\u00favidas e questionamentos.<\/p>\n\t\t<div class=\"sp-pcp-readmore\">\n\t\t\t\t\t\t\t<a class=\"pcp-readmore-link\" target=\"_self\" href=\"https:\/\/agenciavela.com.br\/alur\/2021\/11\/01\/7-mitos-e-verdades-sobre-o-microagulhamento\/\" >\n\t\t\t\t\t\tLeia Mais <\/a>\n\t\t<\/div>\n\t\t\t\t\t<\/div>\n\t\t\t\t\t\t<\/div>\n\t\t<\/div>\n\t\t\t\t<div class=\" sp-pcp-col-xs-1 sp-pcp-col-sm-1 sp-pcp-col-md-2 sp-pcp-col-lg-3 sp-pcp-col-xl-3\">\n\t\t\t<div class=\"sp-pcp-post pcp-item-187\" data-id=\"187\">\n\t\t\t\t\t\t\t\t<div class=\"pcp-post-thumb-wrapper\">\n\t\t\t\t\t<div class=\"sp-pcp-post-thumb-area\">\n\t\t\t\t\t\t\t\t\t\t\t\t<a class=\"sp-pcp-thumb\" href=\"https:\/\/agenciavela.com.br\/alur\/2021\/10\/18\/vou-fazer-microagulhamento-e-agora\/\" target=\"_self\" >\n\t\t\t\t\t\t\t\t\t\t\t\t\t<img decoding=\"async\" src=\"https:\/\/agenciavela.com.br\/alur\/wp-content\/uploads\/2021\/10\/microagulhamento-4.png\" width=\"3840\" height=\"2160\" alt=\"cuidados com o microagulhamento\">\n\t\t\t\t\t\t<\/a>\n\t\t\t\t\t<\/div>\n\t\t\t\t<\/div>\n\t\t\t\t\t\t\t<h2 class=\"sp-pcp-title\">\n\t\t\t\t\t\t\t\t\t<a href=\"https:\/\/agenciavela.com.br\/alur\/2021\/10\/18\/vou-fazer-microagulhamento-e-agora\/\"  target=\"_self\">Vou fazer microagulhamento e agora?<\/a>\t\t\t\t\t\t\t<\/h2>\n\t\t\t\t\t\t<div class=\"sp-pcp-post-meta\">\n\t\t\t<ul><li>\t\t\t\t\t<i class=\"fa fa-user\"><\/i>\n\t\t\t\t\t<a href=\"https:\/\/agenciavela.com.br\/alur\/author\/alur\/\"\n\t\t\t\t\t\trel=\"author\">Alur Medical<\/a>\n\t\t\t\t\t<\/li> <li>\t\t\t\t\t<i class=\"fa fa-calendar\"><\/i>\n\n<time class=\"entry-date published updated\">18\/10\/2021<\/time>\n\t\t\t\t\t<\/li><\/ul>\t\t<\/div>\n\t\t\t\t\t<div class=\"sp-pcp-post-content\">\n\t\t\t<p>Ao realizar a t\u00e9cnica de microagulhamento existem alguns cuidados que devem ser tomadas durante e depois da aplica\u00e7\u00e3o.<\/p>\n\t\t<div class=\"sp-pcp-readmore\">\n\t\t\t\t\t\t\t<a class=\"pcp-readmore-link\" target=\"_self\" href=\"https:\/\/agenciavela.com.br\/alur\/2021\/10\/18\/vou-fazer-microagulhamento-e-agora\/\" >\n\t\t\t\t\t\tLeia Mais <\/a>\n\t\t<\/div>\n\t\t\t\t\t<\/div>\n\t\t\t\t\t\t<\/div>\n\t\t<\/div>\n\t\t\t\t<div class=\" sp-pcp-col-xs-1 sp-pcp-col-sm-1 sp-pcp-col-md-2 sp-pcp-col-lg-3 sp-pcp-col-xl-3\">\n\t\t\t<div class=\"sp-pcp-post pcp-item-163\" data-id=\"163\">\n\t\t\t\t\t\t\t\t<div class=\"pcp-post-thumb-wrapper\">\n\t\t\t\t\t<div class=\"sp-pcp-post-thumb-area\">\n\t\t\t\t\t\t\t\t\t\t\t\t<a class=\"sp-pcp-thumb\" href=\"https:\/\/agenciavela.com.br\/alur\/2021\/10\/18\/o-que-tratar-com-microagulhamento\/\" target=\"_self\" >\n\t\t\t\t\t\t\t\t\t\t\t\t\t<img decoding=\"async\" src=\"https:\/\/agenciavela.com.br\/alur\/wp-content\/uploads\/2021\/10\/microagulhamento-1-scaled.jpg\" width=\"2560\" height=\"888\" alt=\"\">\n\t\t\t\t\t\t<\/a>\n\t\t\t\t\t<\/div>\n\t\t\t\t<\/div>\n\t\t\t\t\t\t\t<h2 class=\"sp-pcp-title\">\n\t\t\t\t\t\t\t\t\t<a href=\"https:\/\/agenciavela.com.br\/alur\/2021\/10\/18\/o-que-tratar-com-microagulhamento\/\"  target=\"_self\">O que posso tratar com o microagulhamento?<\/a>\t\t\t\t\t\t\t<\/h2>\n\t\t\t\t\t\t<div class=\"sp-pcp-post-meta\">\n\t\t\t<ul><li>\t\t\t\t\t<i class=\"fa fa-user\"><\/i>\n\t\t\t\t\t<a href=\"https:\/\/agenciavela.com.br\/alur\/author\/alur\/\"\n\t\t\t\t\t\trel=\"author\">Alur Medical<\/a>\n\t\t\t\t\t<\/li> <li>\t\t\t\t\t<i class=\"fa fa-calendar\"><\/i>\n\n<time class=\"entry-date published updated\">18\/10\/2021<\/time>\n\t\t\t\t\t<\/li><\/ul>\t\t<\/div>\n\t\t\t\t\t<div class=\"sp-pcp-post-content\">\n\t\t\t<p>Vamos falar um pouco sobre as disfun\u00e7\u00f5es est\u00e9ticas que podem ser melhoradas com a aplica\u00e7\u00e3o da t\u00e9cnica de microagulhamento.<\/p>\n\t\t<div class=\"sp-pcp-readmore\">\n\t\t\t\t\t\t\t<a class=\"pcp-readmore-link\" target=\"_self\" href=\"https:\/\/agenciavela.com.br\/alur\/2021\/10\/18\/o-que-tratar-com-microagulhamento\/\" >\n\t\t\t\t\t\tLeia Mais <\/a>\n\t\t<\/div>\n\t\t\t\t\t<\/div>\n\t\t\t\t\t\t<\/div>\n\t\t<\/div>\n\t\t\t<\/div>\n\t\t<span class=\"sp-pcp-pagination-data\" style=\"display:none;\"><\/span>\n\n\t\t<nav class=\"pcp-post-pagination pcp-on-desktop\">\n\t\t\t\t\t<\/nav>\n\t\t\t\t\t<nav class=\"pcp-post-pagination pcp-on-mobile\">\n\t\t\t\t\t<\/nav>\n\t\t\t\t<\/div>\n<\/div>\n\t\t\t\t<\/div>\n\t\t\t\t<\/div>\n\t\t\t\t\t<\/div>\n\t\t<\/div>\n\t\t\t\t\t\t\t<\/div>\n\t\t<\/section>\n\t\t\t\t\t\t<\/div>\n\t\t\t\t\t<\/div>\n\t\t","protected":false},"excerpt":{"rendered":"","protected":false},"author":1,"featured_media":0,"parent":0,"menu_order":0,"comment_status":"closed","ping_status":"closed","template":"page-templates\/full-width-page.php","meta":{"footnotes":""},"class_list":["post-663","page","type-page","status-publish","hentry"],"yoast_head":"<!-- This site is optimized with the Yoast SEO plugin v27.3 - https:\/\/yoast.com\/product\/yoast-seo-wordpress\/ -->\n<title>Dicas - Blog Microagulhamento.com<\/title>\n<meta name=\"robots\" content=\"index, follow, max-snippet:-1, max-image-preview:large, max-video-preview:-1\" \/>\n<link rel=\"canonical\" href=\"https:\/\/agenciavela.com.br\/alur\/cuidados\/\" \/>\n<meta property=\"og:locale\" content=\"pt_BR\" \/>\n<meta property=\"og:type\" content=\"article\" \/>\n<meta property=\"og:title\" content=\"Dicas - Blog Microagulhamento.com\" \/>\n<meta property=\"og:url\" content=\"https:\/\/agenciavela.com.br\/alur\/cuidados\/\" \/>\n<meta property=\"og:site_name\" content=\"Blog Microagulhamento.com\" \/>\n<meta property=\"article:modified_time\" content=\"2021-11-08T13:20:31+00:00\" \/>\n<meta name=\"twitter:card\" content=\"summary_large_image\" \/>\n<script type=\"application\/ld+json\" class=\"yoast-schema-graph\">{\"@context\":\"https:\\\/\\\/schema.org\",\"@graph\":[{\"@type\":\"WebPage\",\"@id\":\"https:\\\/\\\/agenciavela.com.br\\\/alur\\\/cuidados\\\/\",\"url\":\"https:\\\/\\\/agenciavela.com.br\\\/alur\\\/cuidados\\\/\",\"name\":\"Dicas - Blog Microagulhamento.com\",\"isPartOf\":{\"@id\":\"https:\\\/\\\/agenciavela.com.br\\\/alur\\\/#website\"},\"datePublished\":\"2021-10-25T14:57:39+00:00\",\"dateModified\":\"2021-11-08T13:20:31+00:00\",\"breadcrumb\":{\"@id\":\"https:\\\/\\\/agenciavela.com.br\\\/alur\\\/cuidados\\\/#breadcrumb\"},\"inLanguage\":\"pt-BR\",\"potentialAction\":[{\"@type\":\"ReadAction\",\"target\":[\"https:\\\/\\\/agenciavela.com.br\\\/alur\\\/cuidados\\\/\"]}]},{\"@type\":\"BreadcrumbList\",\"@id\":\"https:\\\/\\\/agenciavela.com.br\\\/alur\\\/cuidados\\\/#breadcrumb\",\"itemListElement\":[{\"@type\":\"ListItem\",\"position\":1,\"name\":\"In\u00edcio\",\"item\":\"https:\\\/\\\/agenciavela.com.br\\\/alur\\\/\"},{\"@type\":\"ListItem\",\"position\":2,\"name\":\"Dicas\"}]},{\"@type\":\"WebSite\",\"@id\":\"https:\\\/\\\/agenciavela.com.br\\\/alur\\\/#website\",\"url\":\"https:\\\/\\\/agenciavela.com.br\\\/alur\\\/\",\"name\":\"Blog Microagulhamento.com\",\"description\":\"Trazemos mais informa\u00e7\u00f5es de qualidade e com embasamento te\u00f3rico para os profissionais que trabalham com a t\u00e9cnica de microagulhamento, atrav\u00e9s de artigos, dicas e protocolos para expor os resultados que podem ser obtidos por esse t\u00e9cnica.\",\"publisher\":{\"@id\":\"https:\\\/\\\/agenciavela.com.br\\\/alur\\\/#organization\"},\"potentialAction\":[{\"@type\":\"SearchAction\",\"target\":{\"@type\":\"EntryPoint\",\"urlTemplate\":\"https:\\\/\\\/agenciavela.com.br\\\/alur\\\/?s={search_term_string}\"},\"query-input\":{\"@type\":\"PropertyValueSpecification\",\"valueRequired\":true,\"valueName\":\"search_term_string\"}}],\"inLanguage\":\"pt-BR\"},{\"@type\":\"Organization\",\"@id\":\"https:\\\/\\\/agenciavela.com.br\\\/alur\\\/#organization\",\"name\":\"Alur Medical Ltda\",\"url\":\"https:\\\/\\\/agenciavela.com.br\\\/alur\\\/\",\"logo\":{\"@type\":\"ImageObject\",\"inLanguage\":\"pt-BR\",\"@id\":\"https:\\\/\\\/agenciavela.com.br\\\/alur\\\/#\\\/schema\\\/logo\\\/image\\\/\",\"url\":\"https:\\\/\\\/agenciavela.com.br\\\/alur\\\/wp-content\\\/uploads\\\/2021\\\/10\\\/logo.png\",\"contentUrl\":\"https:\\\/\\\/agenciavela.com.br\\\/alur\\\/wp-content\\\/uploads\\\/2021\\\/10\\\/logo.png\",\"width\":132,\"height\":114,\"caption\":\"Alur Medical Ltda\"},\"image\":{\"@id\":\"https:\\\/\\\/agenciavela.com.br\\\/alur\\\/#\\\/schema\\\/logo\\\/image\\\/\"}}]}<\/script>\n<!-- \/ Yoast SEO plugin. -->","yoast_head_json":{"title":"Dicas - Blog Microagulhamento.com","robots":{"index":"index","follow":"follow","max-snippet":"max-snippet:-1","max-image-preview":"max-image-preview:large","max-video-preview":"max-video-preview:-1"},"canonical":"https:\/\/agenciavela.com.br\/alur\/cuidados\/","og_locale":"pt_BR","og_type":"article","og_title":"Dicas - Blog Microagulhamento.com","og_url":"https:\/\/agenciavela.com.br\/alur\/cuidados\/","og_site_name":"Blog Microagulhamento.com","article_modified_time":"2021-11-08T13:20:31+00:00","twitter_card":"summary_large_image","schema":{"@context":"https:\/\/schema.org","@graph":[{"@type":"WebPage","@id":"https:\/\/agenciavela.com.br\/alur\/cuidados\/","url":"https:\/\/agenciavela.com.br\/alur\/cuidados\/","name":"Dicas - Blog Microagulhamento.com","isPartOf":{"@id":"https:\/\/agenciavela.com.br\/alur\/#website"},"datePublished":"2021-10-25T14:57:39+00:00","dateModified":"2021-11-08T13:20:31+00:00","breadcrumb":{"@id":"https:\/\/agenciavela.com.br\/alur\/cuidados\/#breadcrumb"},"inLanguage":"pt-BR","potentialAction":[{"@type":"ReadAction","target":["https:\/\/agenciavela.com.br\/alur\/cuidados\/"]}]},{"@type":"BreadcrumbList","@id":"https:\/\/agenciavela.com.br\/alur\/cuidados\/#breadcrumb","itemListElement":[{"@type":"ListItem","position":1,"name":"In\u00edcio","item":"https:\/\/agenciavela.com.br\/alur\/"},{"@type":"ListItem","position":2,"name":"Dicas"}]},{"@type":"WebSite","@id":"https:\/\/agenciavela.com.br\/alur\/#website","url":"https:\/\/agenciavela.com.br\/alur\/","name":"Blog Microagulhamento.com","description":"Trazemos mais informa\u00e7\u00f5es de qualidade e com embasamento te\u00f3rico para os profissionais que trabalham com a t\u00e9cnica de microagulhamento, atrav\u00e9s de artigos, dicas e protocolos para expor os resultados que podem ser obtidos por esse t\u00e9cnica.","publisher":{"@id":"https:\/\/agenciavela.com.br\/alur\/#organization"},"potentialAction":[{"@type":"SearchAction","target":{"@type":"EntryPoint","urlTemplate":"https:\/\/agenciavela.com.br\/alur\/?s={search_term_string}"},"query-input":{"@type":"PropertyValueSpecification","valueRequired":true,"valueName":"search_term_string"}}],"inLanguage":"pt-BR"},{"@type":"Organization","@id":"https:\/\/agenciavela.com.br\/alur\/#organization","name":"Alur Medical Ltda","url":"https:\/\/agenciavela.com.br\/alur\/","logo":{"@type":"ImageObject","inLanguage":"pt-BR","@id":"https:\/\/agenciavela.com.br\/alur\/#\/schema\/logo\/image\/","url":"https:\/\/agenciavela.com.br\/alur\/wp-content\/uploads\/2021\/10\/logo.png","contentUrl":"https:\/\/agenciavela.com.br\/alur\/wp-content\/uploads\/2021\/10\/logo.png","width":132,"height":114,"caption":"Alur Medical Ltda"},"image":{"@id":"https:\/\/agenciavela.com.br\/alur\/#\/schema\/logo\/image\/"}}]}},"_links":{"self":[{"href":"https:\/\/agenciavela.com.br\/alur\/wp-json\/wp\/v2\/pages\/663","targetHints":{"allow":["GET"]}}],"collection":[{"href":"https:\/\/agenciavela.com.br\/alur\/wp-json\/wp\/v2\/pages"}],"about":[{"href":"https:\/\/agenciavela.com.br\/alur\/wp-json\/wp\/v2\/types\/page"}],"author":[{"embeddable":true,"href":"https:\/\/agenciavela.com.br\/alur\/wp-json\/wp\/v2\/users\/1"}],"replies":[{"embeddable":true,"href":"https:\/\/agenciavela.com.br\/alur\/wp-json\/wp\/v2\/comments?post=663"}],"version-history":[{"count":3,"href":"https:\/\/agenciavela.com.br\/alur\/wp-json\/wp\/v2\/pages\/663\/revisions"}],"predecessor-version":[{"id":3140,"href":"https:\/\/agenciavela.com.br\/alur\/wp-json\/wp\/v2\/pages\/663\/revisions\/3140"}],"wp:attachment":[{"href":"https:\/\/agenciavela.com.br\/alur\/wp-json\/wp\/v2\/media?parent=663"}],"curies":[{"name":"wp","href":"https:\/\/api.w.org\/{rel}","templated":true}]}}