{"id":53,"date":"2021-10-18T13:46:00","date_gmt":"2021-10-18T16:46:00","guid":{"rendered":"https:\/\/agenciavela.com.br\/alur\/?page_id=53"},"modified":"2021-11-08T10:18:52","modified_gmt":"2021-11-08T13:18:52","slug":"quem-somos","status":"publish","type":"page","link":"https:\/\/agenciavela.com.br\/alur\/quem-somos\/","title":{"rendered":"Quem Somos"},"content":{"rendered":"<div data-colibri-id=\"53-c1\" class=\"style-448 style-local-53-c1 position-relative\">\n  <!---->\n  <div data-colibri-component=\"section\" data-colibri-id=\"53-c2\" id=\"about\" class=\"h-section h-section-global-spacing d-flex align-items-lg-center align-items-md-center align-items-center style-452 style-local-53-c2 position-relative\">\n    <!---->\n    <!---->\n    <div class=\"h-section-grid-container h-section-boxed-container\">\n      <!---->\n      <div data-colibri-id=\"53-c3\" class=\"h-row-container gutters-row-lg-0 gutters-row-md-0 gutters-row-0 gutters-row-v-lg-0 gutters-row-v-md-0 gutters-row-v-0 style-453 style-local-53-c3 position-relative\">\n        <!---->\n        <div class=\"h-row justify-content-lg-center justify-content-md-center justify-content-center align-items-lg-stretch align-items-md-stretch align-items-stretch gutters-col-lg-0 gutters-col-md-0 gutters-col-0 gutters-col-v-lg-0 gutters-col-v-md-0 gutters-col-v-0\">\n          <!---->\n          <div class=\"h-column h-column-container d-flex h-col-lg-auto h-col-md-auto h-col-auto style-454-outer style-local-53-c4-outer\">\n            <div data-colibri-id=\"53-c4\" class=\"d-flex h-flex-basis h-column__inner h-px-lg-0 h-px-md-0 h-px-0 v-inner-lg-0 v-inner-md-0 v-inner-0 style-454 style-local-53-c4 position-relative\">\n              <!---->\n              <!---->\n              <div class=\"w-100 h-y-container h-column__content h-column__v-align flex-basis-100 align-self-lg-start align-self-md-start align-self-start\">\n                <!---->\n                <div data-colibri-id=\"53-c5\" class=\"h-text h-text-component style-457 style-local-53-c5 position-relative h-element\">\n                  <!---->\n                  <!---->\n                  <div class=\"\">\n                    <p>O intuito da cria\u00e7\u00e3o deste blog \u00e9 trazer mais informa\u00e7\u00f5es de qualidade e com embasamento te\u00f3rico para os profissionais que trabalham com a t\u00e9cnica de microagulhamento.<\/p>\n                    <p>Ser\u00e1 poss\u00edvel encontrar artigos esclarecendo d\u00favidas, informa\u00e7\u00f5es relevantes, dicas importantes e protocolos para expor os resultados que podem ser obtidos com essa t\u00e9cnica, que j\u00e1 \u00e9 bastante divulgada e praticada nos dias de hoje.<\/p>\n                    <p>Para os pacientes, o objetivo \u00e9 ser um ponto de refer\u00eancia para que tenham um norte de como funcionam estes procedimentos, o que \u00e9 verdade ou mentira sobre a t\u00e9cnica e quais os cuidados envolvidos.<\/p>\n                    <p>Esperamos que gostem foi desenvolvido com muito carinho e pensando em todos os p\u00fablicos.<\/p>\n                  <\/div>\n                <\/div>\n              <\/div>\n            <\/div>\n          <\/div>\n        <\/div>\n      <\/div>\n    <\/div>\n  <\/div>\n<\/div>","protected":false},"excerpt":{"rendered":"<p>O intuito da cria\u00e7\u00e3o deste blog \u00e9 trazer mais informa\u00e7\u00f5es de qualidade e com embasamento te\u00f3rico para os profissionais que trabalham com a t\u00e9cnica de microagulhamento. Ser\u00e1 poss\u00edvel encontrar artigos esclarecendo d\u00favidas, informa\u00e7\u00f5es relevantes, dicas importantes e protocolos para expor os resultados que podem ser obtidos com essa t\u00e9cnica, que j\u00e1 \u00e9 bastante divulgada e [&hellip;]<\/p>\n","protected":false},"author":1,"featured_media":0,"parent":0,"menu_order":0,"comment_status":"closed","ping_status":"closed","template":"page-templates\/full-width-page.php","meta":{"footnotes":""},"class_list":["post-53","page","type-page","status-publish","hentry"],"yoast_head":"<!-- This site is optimized with the Yoast SEO plugin v27.3 - https:\/\/yoast.com\/product\/yoast-seo-wordpress\/ -->\n<title>Quem Somos - Blog Microagulhamento.com<\/title>\n<meta name=\"robots\" content=\"index, follow, max-snippet:-1, max-image-preview:large, max-video-preview:-1\" \/>\n<link rel=\"canonical\" href=\"https:\/\/agenciavela.com.br\/alur\/quem-somos\/\" \/>\n<meta property=\"og:locale\" content=\"pt_BR\" \/>\n<meta property=\"og:type\" content=\"article\" \/>\n<meta property=\"og:title\" content=\"Quem Somos - Blog Microagulhamento.com\" \/>\n<meta property=\"og:description\" content=\"O intuito da cria\u00e7\u00e3o deste blog \u00e9 trazer mais informa\u00e7\u00f5es de qualidade e com embasamento te\u00f3rico para os profissionais que trabalham com a t\u00e9cnica de microagulhamento. Ser\u00e1 poss\u00edvel encontrar artigos esclarecendo d\u00favidas, informa\u00e7\u00f5es relevantes, dicas importantes e protocolos para expor os resultados que podem ser obtidos com essa t\u00e9cnica, que j\u00e1 \u00e9 bastante divulgada e [&hellip;]\" \/>\n<meta property=\"og:url\" content=\"https:\/\/agenciavela.com.br\/alur\/quem-somos\/\" \/>\n<meta property=\"og:site_name\" content=\"Blog Microagulhamento.com\" \/>\n<meta property=\"article:modified_time\" content=\"2021-11-08T13:18:52+00:00\" \/>\n<meta name=\"twitter:card\" content=\"summary_large_image\" \/>\n<meta name=\"twitter:label1\" content=\"Est. tempo de leitura\" \/>\n\t<meta name=\"twitter:data1\" content=\"1 minuto\" \/>\n<script type=\"application\/ld+json\" class=\"yoast-schema-graph\">{\"@context\":\"https:\\\/\\\/schema.org\",\"@graph\":[{\"@type\":\"WebPage\",\"@id\":\"https:\\\/\\\/agenciavela.com.br\\\/alur\\\/quem-somos\\\/\",\"url\":\"https:\\\/\\\/agenciavela.com.br\\\/alur\\\/quem-somos\\\/\",\"name\":\"Quem Somos - Blog Microagulhamento.com\",\"isPartOf\":{\"@id\":\"https:\\\/\\\/agenciavela.com.br\\\/alur\\\/#website\"},\"datePublished\":\"2021-10-18T16:46:00+00:00\",\"dateModified\":\"2021-11-08T13:18:52+00:00\",\"breadcrumb\":{\"@id\":\"https:\\\/\\\/agenciavela.com.br\\\/alur\\\/quem-somos\\\/#breadcrumb\"},\"inLanguage\":\"pt-BR\",\"potentialAction\":[{\"@type\":\"ReadAction\",\"target\":[\"https:\\\/\\\/agenciavela.com.br\\\/alur\\\/quem-somos\\\/\"]}]},{\"@type\":\"BreadcrumbList\",\"@id\":\"https:\\\/\\\/agenciavela.com.br\\\/alur\\\/quem-somos\\\/#breadcrumb\",\"itemListElement\":[{\"@type\":\"ListItem\",\"position\":1,\"name\":\"In\u00edcio\",\"item\":\"https:\\\/\\\/agenciavela.com.br\\\/alur\\\/\"},{\"@type\":\"ListItem\",\"position\":2,\"name\":\"Quem Somos\"}]},{\"@type\":\"WebSite\",\"@id\":\"https:\\\/\\\/agenciavela.com.br\\\/alur\\\/#website\",\"url\":\"https:\\\/\\\/agenciavela.com.br\\\/alur\\\/\",\"name\":\"Blog Microagulhamento.com\",\"description\":\"Trazemos mais informa\u00e7\u00f5es de qualidade e com embasamento te\u00f3rico para os profissionais que trabalham com a t\u00e9cnica de microagulhamento, atrav\u00e9s de artigos, dicas e protocolos para expor os resultados que podem ser obtidos por esse t\u00e9cnica.\",\"publisher\":{\"@id\":\"https:\\\/\\\/agenciavela.com.br\\\/alur\\\/#organization\"},\"potentialAction\":[{\"@type\":\"SearchAction\",\"target\":{\"@type\":\"EntryPoint\",\"urlTemplate\":\"https:\\\/\\\/agenciavela.com.br\\\/alur\\\/?s={search_term_string}\"},\"query-input\":{\"@type\":\"PropertyValueSpecification\",\"valueRequired\":true,\"valueName\":\"search_term_string\"}}],\"inLanguage\":\"pt-BR\"},{\"@type\":\"Organization\",\"@id\":\"https:\\\/\\\/agenciavela.com.br\\\/alur\\\/#organization\",\"name\":\"Alur Medical Ltda\",\"url\":\"https:\\\/\\\/agenciavela.com.br\\\/alur\\\/\",\"logo\":{\"@type\":\"ImageObject\",\"inLanguage\":\"pt-BR\",\"@id\":\"https:\\\/\\\/agenciavela.com.br\\\/alur\\\/#\\\/schema\\\/logo\\\/image\\\/\",\"url\":\"https:\\\/\\\/agenciavela.com.br\\\/alur\\\/wp-content\\\/uploads\\\/2021\\\/10\\\/logo.png\",\"contentUrl\":\"https:\\\/\\\/agenciavela.com.br\\\/alur\\\/wp-content\\\/uploads\\\/2021\\\/10\\\/logo.png\",\"width\":132,\"height\":114,\"caption\":\"Alur Medical Ltda\"},\"image\":{\"@id\":\"https:\\\/\\\/agenciavela.com.br\\\/alur\\\/#\\\/schema\\\/logo\\\/image\\\/\"}}]}<\/script>\n<!-- \/ Yoast SEO plugin. -->","yoast_head_json":{"title":"Quem Somos - Blog Microagulhamento.com","robots":{"index":"index","follow":"follow","max-snippet":"max-snippet:-1","max-image-preview":"max-image-preview:large","max-video-preview":"max-video-preview:-1"},"canonical":"https:\/\/agenciavela.com.br\/alur\/quem-somos\/","og_locale":"pt_BR","og_type":"article","og_title":"Quem Somos - Blog Microagulhamento.com","og_description":"O intuito da cria\u00e7\u00e3o deste blog \u00e9 trazer mais informa\u00e7\u00f5es de qualidade e com embasamento te\u00f3rico para os profissionais que trabalham com a t\u00e9cnica de microagulhamento. Ser\u00e1 poss\u00edvel encontrar artigos esclarecendo d\u00favidas, informa\u00e7\u00f5es relevantes, dicas importantes e protocolos para expor os resultados que podem ser obtidos com essa t\u00e9cnica, que j\u00e1 \u00e9 bastante divulgada e [&hellip;]","og_url":"https:\/\/agenciavela.com.br\/alur\/quem-somos\/","og_site_name":"Blog Microagulhamento.com","article_modified_time":"2021-11-08T13:18:52+00:00","twitter_card":"summary_large_image","twitter_misc":{"Est. tempo de leitura":"1 minuto"},"schema":{"@context":"https:\/\/schema.org","@graph":[{"@type":"WebPage","@id":"https:\/\/agenciavela.com.br\/alur\/quem-somos\/","url":"https:\/\/agenciavela.com.br\/alur\/quem-somos\/","name":"Quem Somos - Blog Microagulhamento.com","isPartOf":{"@id":"https:\/\/agenciavela.com.br\/alur\/#website"},"datePublished":"2021-10-18T16:46:00+00:00","dateModified":"2021-11-08T13:18:52+00:00","breadcrumb":{"@id":"https:\/\/agenciavela.com.br\/alur\/quem-somos\/#breadcrumb"},"inLanguage":"pt-BR","potentialAction":[{"@type":"ReadAction","target":["https:\/\/agenciavela.com.br\/alur\/quem-somos\/"]}]},{"@type":"BreadcrumbList","@id":"https:\/\/agenciavela.com.br\/alur\/quem-somos\/#breadcrumb","itemListElement":[{"@type":"ListItem","position":1,"name":"In\u00edcio","item":"https:\/\/agenciavela.com.br\/alur\/"},{"@type":"ListItem","position":2,"name":"Quem Somos"}]},{"@type":"WebSite","@id":"https:\/\/agenciavela.com.br\/alur\/#website","url":"https:\/\/agenciavela.com.br\/alur\/","name":"Blog Microagulhamento.com","description":"Trazemos mais informa\u00e7\u00f5es de qualidade e com embasamento te\u00f3rico para os profissionais que trabalham com a t\u00e9cnica de microagulhamento, atrav\u00e9s de artigos, dicas e protocolos para expor os resultados que podem ser obtidos por esse t\u00e9cnica.","publisher":{"@id":"https:\/\/agenciavela.com.br\/alur\/#organization"},"potentialAction":[{"@type":"SearchAction","target":{"@type":"EntryPoint","urlTemplate":"https:\/\/agenciavela.com.br\/alur\/?s={search_term_string}"},"query-input":{"@type":"PropertyValueSpecification","valueRequired":true,"valueName":"search_term_string"}}],"inLanguage":"pt-BR"},{"@type":"Organization","@id":"https:\/\/agenciavela.com.br\/alur\/#organization","name":"Alur Medical Ltda","url":"https:\/\/agenciavela.com.br\/alur\/","logo":{"@type":"ImageObject","inLanguage":"pt-BR","@id":"https:\/\/agenciavela.com.br\/alur\/#\/schema\/logo\/image\/","url":"https:\/\/agenciavela.com.br\/alur\/wp-content\/uploads\/2021\/10\/logo.png","contentUrl":"https:\/\/agenciavela.com.br\/alur\/wp-content\/uploads\/2021\/10\/logo.png","width":132,"height":114,"caption":"Alur Medical Ltda"},"image":{"@id":"https:\/\/agenciavela.com.br\/alur\/#\/schema\/logo\/image\/"}}]}},"_links":{"self":[{"href":"https:\/\/agenciavela.com.br\/alur\/wp-json\/wp\/v2\/pages\/53","targetHints":{"allow":["GET"]}}],"collection":[{"href":"https:\/\/agenciavela.com.br\/alur\/wp-json\/wp\/v2\/pages"}],"about":[{"href":"https:\/\/agenciavela.com.br\/alur\/wp-json\/wp\/v2\/types\/page"}],"author":[{"embeddable":true,"href":"https:\/\/agenciavela.com.br\/alur\/wp-json\/wp\/v2\/users\/1"}],"replies":[{"embeddable":true,"href":"https:\/\/agenciavela.com.br\/alur\/wp-json\/wp\/v2\/comments?post=53"}],"version-history":[{"count":4,"href":"https:\/\/agenciavela.com.br\/alur\/wp-json\/wp\/v2\/pages\/53\/revisions"}],"predecessor-version":[{"id":3124,"href":"https:\/\/agenciavela.com.br\/alur\/wp-json\/wp\/v2\/pages\/53\/revisions\/3124"}],"wp:attachment":[{"href":"https:\/\/agenciavela.com.br\/alur\/wp-json\/wp\/v2\/media?parent=53"}],"curies":[{"name":"wp","href":"https:\/\/api.w.org\/{rel}","templated":true}]}}